{"id":4901,"date":"2025-05-12T10:01:24","date_gmt":"2025-05-12T08:01:24","guid":{"rendered":"https:\/\/themillionmonth.com\/?page_id=4901"},"modified":"2026-02-25T11:08:07","modified_gmt":"2026-02-25T10:08:07","slug":"celebration-event2025","status":"publish","type":"page","link":"https:\/\/themillionmonth.com\/sv\/million-month-2025\/celebration-event2025\/","title":{"rendered":"Fira evenemang"},"content":{"rendered":"<div data-elementor-type=\"wp-page\" data-elementor-id=\"4901\" class=\"elementor elementor-4901\" data-elementor-post-type=\"page\">\n\t\t\t\t<div class=\"elementor-element elementor-element-1ea60644 e-con-full e-flex e-con e-parent\" data-id=\"1ea60644\" data-element_type=\"container\" data-settings=\"{&quot;background_background&quot;:&quot;classic&quot;}\">\n\t\t\t\t<div class=\"elementor-element elementor-element-a8a50e5 elementor-widget__width-inherit elementor-hidden-mobile elementor-widget elementor-widget-image\" data-id=\"a8a50e5\" data-element_type=\"widget\" data-widget_type=\"image.default\">\n\t\t\t\t<div class=\"elementor-widget-container\">\n\t\t\t\t\t\t\t\t\t\t\t\t\t\t\t<img fetchpriority=\"high\" decoding=\"async\" width=\"1900\" height=\"450\" src=\"https:\/\/themillionmonth.com\/wp-content\/uploads\/2025\/05\/mm_celebration_banner.jpg\" class=\"attachment-full size-full wp-image-4914\" alt=\"\" srcset=\"https:\/\/themillionmonth.com\/wp-content\/uploads\/2025\/05\/mm_celebration_banner.jpg 1900w, https:\/\/themillionmonth.com\/wp-content\/uploads\/2025\/05\/mm_celebration_banner-300x71.jpg 300w, https:\/\/themillionmonth.com\/wp-content\/uploads\/2025\/05\/mm_celebration_banner-1024x243.jpg 1024w, https:\/\/themillionmonth.com\/wp-content\/uploads\/2025\/05\/mm_celebration_banner-768x182.jpg 768w, https:\/\/themillionmonth.com\/wp-content\/uploads\/2025\/05\/mm_celebration_banner-1536x364.jpg 1536w, https:\/\/themillionmonth.com\/wp-content\/uploads\/2025\/05\/mm_celebration_banner-18x4.jpg 18w\" sizes=\"(max-width: 1900px) 100vw, 1900px\" \/>\t\t\t\t\t\t\t\t\t\t\t\t\t\t\t<\/div>\n\t\t\t\t<\/div>\n\t\t\t\t<\/div>\n\t\t<div class=\"elementor-element elementor-element-b78b2d8 e-flex e-con-boxed e-con e-parent\" data-id=\"b78b2d8\" data-element_type=\"container\" data-settings=\"{&quot;background_background&quot;:&quot;classic&quot;}\">\n\t\t\t\t\t<div class=\"e-con-inner\">\n\t\t\t\t<div class=\"elementor-element elementor-element-087ceb4 elementor-widget elementor-widget-text-editor\" data-id=\"087ceb4\" data-element_type=\"widget\" data-widget_type=\"text-editor.default\">\n\t\t\t\t<div class=\"elementor-widget-container\">\n\t\t\t\t\t\t\t\t\t<p data-pm-slice=\"1 1 []\"><strong>Gud r\u00f6r sig i Europa <\/strong><\/p><p><strong>Det \u00e4r dags att fira!<\/strong><\/p>\t\t\t\t\t\t\t\t<\/div>\n\t\t\t\t<\/div>\n\t\t\t\t\t<\/div>\n\t\t\t\t<\/div>\n\t\t<div class=\"elementor-element elementor-element-1aeb5e3 e-flex e-con-boxed e-con e-parent\" data-id=\"1aeb5e3\" data-element_type=\"container\" data-settings=\"{&quot;background_background&quot;:&quot;classic&quot;}\">\n\t\t\t\t\t<div class=\"e-con-inner\">\n\t\t\t\t<div class=\"elementor-element elementor-element-458a553 elementor-widget__width-initial elementor-widget elementor-widget-image\" data-id=\"458a553\" data-element_type=\"widget\" data-widget_type=\"image.default\">\n\t\t\t\t<div class=\"elementor-widget-container\">\n\t\t\t\t\t\t\t\t\t\t\t\t\t\t\t<img decoding=\"async\" width=\"800\" height=\"1000\" src=\"https:\/\/themillionmonth.com\/wp-content\/uploads\/2025\/05\/mm_celebration_post_4-819x1024.jpg\" class=\"attachment-large size-large wp-image-4915\" alt=\"\" srcset=\"https:\/\/themillionmonth.com\/wp-content\/uploads\/2025\/05\/mm_celebration_post_4-819x1024.jpg 819w, https:\/\/themillionmonth.com\/wp-content\/uploads\/2025\/05\/mm_celebration_post_4-240x300.jpg 240w, https:\/\/themillionmonth.com\/wp-content\/uploads\/2025\/05\/mm_celebration_post_4-768x960.jpg 768w, https:\/\/themillionmonth.com\/wp-content\/uploads\/2025\/05\/mm_celebration_post_4-10x12.jpg 10w, https:\/\/themillionmonth.com\/wp-content\/uploads\/2025\/05\/mm_celebration_post_4.jpg 1080w\" sizes=\"(max-width: 800px) 100vw, 800px\" \/>\t\t\t\t\t\t\t\t\t\t\t\t\t\t\t<\/div>\n\t\t\t\t<\/div>\n\t\t\t\t<div class=\"elementor-element elementor-element-206902f elementor-widget__width-initial elementor-widget elementor-widget-text-editor\" data-id=\"206902f\" data-element_type=\"widget\" data-widget_type=\"text-editor.default\">\n\t\t\t\t<div class=\"elementor-widget-container\">\n\t\t\t\t\t\t\t\t\t<p data-pm-slice=\"1 1 []\">I sommar h\u00e4nder n\u00e5got historiskt i hela Europa - en miljon m\u00e4nniskor kommer att f\u00e5 h\u00f6ra evangeliet ansikte mot ansikte. Jesus r\u00f6r sig p\u00e5 kraftfulla s\u00e4tt, och vi tror att detta bara \u00e4r b\u00f6rjan!<\/p><p>S\u00e5 vidare <strong>L\u00f6rdagen den 19 juli 2025<\/strong>samlas vi i Awakening Church i Eimeldingen - och online - f\u00f6r att CELEBRERA vad Gud har gjort. Det kommer att bli en dag med kraftfulla vittnesb\u00f6rd, lovs\u00e5ng och Jesu h\u00e4rlighet i centrum! Du kommer att kunna delta personligen eller via <a href=\"\/sv\/celebration-livestream\/\">direkts\u00e4ndning<\/a>! F\u00f6r att vara med oss i rummet registrera dig i l\u00e4nken nedan nu!<\/p>\t\t\t\t\t\t\t\t<\/div>\n\t\t\t\t<\/div>\n\t\t\t\t\t<\/div>\n\t\t\t\t<\/div>\n\t\t<div class=\"elementor-element elementor-element-0b1ffd7 e-flex e-con-boxed e-con e-parent\" data-id=\"0b1ffd7\" data-element_type=\"container\">\n\t\t\t\t\t<div class=\"e-con-inner\">\n\t\t\t\t<div class=\"elementor-element elementor-element-d066978 elementor-widget elementor-widget-heading\" data-id=\"d066978\" data-element_type=\"widget\" data-widget_type=\"heading.default\">\n\t\t\t\t<div class=\"elementor-widget-container\">\n\t\t\t\t\t<h3 class=\"elementor-heading-title elementor-size-default\">Schema<\/h3>\t\t\t\t<\/div>\n\t\t\t\t<\/div>\n\t\t<div class=\"elementor-element elementor-element-b9a2c09 e-con-full e-flex e-con e-child\" data-id=\"b9a2c09\" data-element_type=\"container\">\n\t\t\t\t<div class=\"elementor-element elementor-element-67dd1b2 elementor-widget elementor-widget-heading\" data-id=\"67dd1b2\" data-element_type=\"widget\" data-widget_type=\"heading.default\">\n\t\t\t\t<div class=\"elementor-widget-container\">\n\t\t\t\t\t<h5 class=\"elementor-heading-title elementor-size-default\">L\u00f6rdag<\/h5>\t\t\t\t<\/div>\n\t\t\t\t<\/div>\n\t\t\t\t<div class=\"elementor-element elementor-element-afb118e elementor-widget elementor-widget-price-list\" data-id=\"afb118e\" data-element_type=\"widget\" data-widget_type=\"price-list.default\">\n\t\t\t\t<div class=\"elementor-widget-container\">\n\t\t\t\t\t\n\t\t<ul class=\"elementor-price-list\">\n\n\t\t\t\t\t\t\t\t\t<li><a class=\"elementor-price-list-item\" href=\"#\">\t\t\t\t\n\t\t\t\t<div class=\"elementor-price-list-text\">\n\t\t\t\t\t\t\t\t\t<div class=\"elementor-price-list-header\">\n\t\t\t\t\t\t\t\t\t\t\t<span class=\"elementor-price-list-title\">\n\t\t\t\t\t\t\tD\u00f6rrar \u00f6ppna\t\t\t\t\t\t<\/span>\n\t\t\t\t\t\t\t\t\t\t\t\t\t\t\t\t\t\t<span class=\"elementor-price-list-separator\"><\/span>\n\t\t\t\t\t\t\t\t\t\t\t\t\t\t\t\t\t\t\t<span class=\"elementor-price-list-price\">kl. 10.00<\/span>\n\t\t\t\t\t\t\t\t\t\t<\/div>\n\t\t\t\t\t\t\t\t\t\t\t\t<\/div>\n\t\t\t\t<\/a><\/li>\t\t\t\t\t\t\t\t\t\t\t\t<li><a class=\"elementor-price-list-item\" href=\"#\">\t\t\t\t\n\t\t\t\t<div class=\"elementor-price-list-text\">\n\t\t\t\t\t\t\t\t\t<div class=\"elementor-price-list-header\">\n\t\t\t\t\t\t\t\t\t\t\t<span class=\"elementor-price-list-title\">\n\t\t\t\t\t\t\tMorgonsession\t\t\t\t\t\t<\/span>\n\t\t\t\t\t\t\t\t\t\t\t\t\t\t\t\t\t\t<span class=\"elementor-price-list-separator\"><\/span>\n\t\t\t\t\t\t\t\t\t\t\t\t\t\t\t\t\t\t\t<span class=\"elementor-price-list-price\">kl. 11.00<\/span>\n\t\t\t\t\t\t\t\t\t\t<\/div>\n\t\t\t\t\t\t\t\t\t\t\t\t<\/div>\n\t\t\t\t<\/a><\/li>\t\t\t\t\t\t\t\t\t\t\t\t<li><a class=\"elementor-price-list-item\" href=\"#\">\t\t\t\t\n\t\t\t\t<div class=\"elementor-price-list-text\">\n\t\t\t\t\t\t\t\t\t<div class=\"elementor-price-list-header\">\n\t\t\t\t\t\t\t\t\t\t\t<span class=\"elementor-price-list-title\">\n\t\t\t\t\t\t\tLunchrast\t\t\t\t\t\t<\/span>\n\t\t\t\t\t\t\t\t\t\t\t\t\t\t\t\t\t\t<span class=\"elementor-price-list-separator\"><\/span>\n\t\t\t\t\t\t\t\t\t\t\t\t\t\t\t\t\t\t\t<span class=\"elementor-price-list-price\">kl. 12.30<\/span>\n\t\t\t\t\t\t\t\t\t\t<\/div>\n\t\t\t\t\t\t\t\t\t\t\t\t<\/div>\n\t\t\t\t<\/a><\/li>\t\t\t\t\t\t\t\t\t\t\t\t<li><a class=\"elementor-price-list-item\" href=\"\/sv\/celebration-livestream\/\">\t\t\t\t\n\t\t\t\t<div class=\"elementor-price-list-text\">\n\t\t\t\t\t\t\t\t\t<div class=\"elementor-price-list-header\">\n\t\t\t\t\t\t\t\t\t\t\t<span class=\"elementor-price-list-title\">\n\t\t\t\t\t\t\tEftermiddagssession\t\t\t\t\t\t<\/span>\n\t\t\t\t\t\t\t\t\t\t\t\t\t\t\t\t\t\t<span class=\"elementor-price-list-separator\"><\/span>\n\t\t\t\t\t\t\t\t\t\t\t\t\t\t\t\t\t\t\t<span class=\"elementor-price-list-price\">kl. 14.30<\/span>\n\t\t\t\t\t\t\t\t\t\t<\/div>\n\t\t\t\t\t\t\t\t\t\t\t\t\t\t\t<p class=\"elementor-price-list-description\">\n\t\t\t\t\t\t\tLivestream tillg\u00e4nglig\t\t\t\t\t\t<\/p>\n\t\t\t\t\t\t\t\t<\/div>\n\t\t\t\t<\/a><\/li>\t\t\t\t\t\t\t\t\t\t\t\t<li><a class=\"elementor-price-list-item\" href=\"#\">\t\t\t\t\n\t\t\t\t<div class=\"elementor-price-list-text\">\n\t\t\t\t\t\t\t\t\t<div class=\"elementor-price-list-header\">\n\t\t\t\t\t\t\t\t\t\t\t<span class=\"elementor-price-list-title\">\n\t\t\t\t\t\t\tMiddagspaus\t\t\t\t\t\t<\/span>\n\t\t\t\t\t\t\t\t\t\t\t\t\t\t\t\t\t\t<span class=\"elementor-price-list-separator\"><\/span>\n\t\t\t\t\t\t\t\t\t\t\t\t\t\t\t\t\t\t\t<span class=\"elementor-price-list-price\">5 pm<\/span>\n\t\t\t\t\t\t\t\t\t\t<\/div>\n\t\t\t\t\t\t\t\t\t\t\t\t<\/div>\n\t\t\t\t<\/a><\/li>\t\t\t\t\t\t\t\t\t\t\t\t<li><a class=\"elementor-price-list-item\" href=\"\/sv\/celebration-livestream\/\">\t\t\t\t\n\t\t\t\t<div class=\"elementor-price-list-text\">\n\t\t\t\t\t\t\t\t\t<div class=\"elementor-price-list-header\">\n\t\t\t\t\t\t\t\t\t\t\t<span class=\"elementor-price-list-title\">\n\t\t\t\t\t\t\tKv\u00e4llssession\t\t\t\t\t\t<\/span>\n\t\t\t\t\t\t\t\t\t\t\t\t\t\t\t\t\t\t<span class=\"elementor-price-list-separator\"><\/span>\n\t\t\t\t\t\t\t\t\t\t\t\t\t\t\t\t\t\t\t<span class=\"elementor-price-list-price\">kl. 19.00<\/span>\n\t\t\t\t\t\t\t\t\t\t<\/div>\n\t\t\t\t\t\t\t\t\t\t\t\t\t\t\t<p class=\"elementor-price-list-description\">\n\t\t\t\t\t\t\tLivestream tillg\u00e4nglig\t\t\t\t\t\t<\/p>\n\t\t\t\t\t\t\t\t<\/div>\n\t\t\t\t<\/a><\/li>\t\t\t\t\t\t\t\t\t\t\t\t<li><a class=\"elementor-price-list-item\" href=\"#\">\t\t\t\t\n\t\t\t\t<div class=\"elementor-price-list-text\">\n\t\t\t\t\t\t\t\t\t<div class=\"elementor-price-list-header\">\n\t\t\t\t\t\t\t\t\t\t\t<span class=\"elementor-price-list-title\">\n\t\t\t\t\t\t\tSlut\t\t\t\t\t\t<\/span>\n\t\t\t\t\t\t\t\t\t\t\t\t\t\t\t\t\t\t<span class=\"elementor-price-list-separator\"><\/span>\n\t\t\t\t\t\t\t\t\t\t\t\t\t\t\t\t\t\t\t<span class=\"elementor-price-list-price\">10 pm<\/span>\n\t\t\t\t\t\t\t\t\t\t<\/div>\n\t\t\t\t\t\t\t\t\t\t\t\t<\/div>\n\t\t\t\t<\/a><\/li>\t\t\t\t\t\n\t\t<\/ul>\n\n\t\t\t\t\t\t<\/div>\n\t\t\t\t<\/div>\n\t\t\t\t<\/div>\n\t\t\t\t\t<\/div>\n\t\t\t\t<\/div>\n\t\t<div class=\"elementor-element elementor-element-2c51441 e-flex e-con-boxed e-con e-parent\" data-id=\"2c51441\" data-element_type=\"container\" data-settings=\"{&quot;background_background&quot;:&quot;classic&quot;}\">\n\t\t\t\t\t<div class=\"e-con-inner\">\n\t\t<div class=\"elementor-element elementor-element-80b7ec5 e-con-full e-flex e-con e-child\" data-id=\"80b7ec5\" data-element_type=\"container\">\n\t\t\t\t<div class=\"elementor-element elementor-element-2ada142 elementor-widget__width-initial elementor-widget elementor-widget-text-editor\" data-id=\"2ada142\" data-element_type=\"widget\" data-widget_type=\"text-editor.default\">\n\t\t\t\t<div class=\"elementor-widget-container\">\n\t\t\t\t\t\t\t\t\t<p><strong>H\u00e4ndelsen \u00e4gde rum p\u00e5:<\/strong><\/p><p>Uppvaknande kyrka<br \/>Im Rebacker 9<br \/>79591 Eimeldingen<br \/>Tyskland<\/p>\t\t\t\t\t\t\t\t<\/div>\n\t\t\t\t<\/div>\n\t\t\t\t<div class=\"elementor-element elementor-element-25c7536 elementor-widget__width-initial elementor-widget elementor-widget-text-editor\" data-id=\"25c7536\" data-element_type=\"widget\" data-widget_type=\"text-editor.default\">\n\t\t\t\t<div class=\"elementor-widget-container\">\n\t\t\t\t\t\t\t\t\t<p>F\u00f6r eventrelaterade fr\u00e5gor kan du mejla oss p\u00e5 events@awakeningeurope.com<\/p>\t\t\t\t\t\t\t\t<\/div>\n\t\t\t\t<\/div>\n\t\t\t\t<\/div>\n\t\t\t\t<div class=\"elementor-element elementor-element-ec18a4f elementor-widget elementor-widget-html\" data-id=\"ec18a4f\" data-element_type=\"widget\" data-widget_type=\"html.default\">\n\t\t\t\t<div class=\"elementor-widget-container\">\n\t\t\t\t\t<script>\ndocument.addEventListener(\"DOMContentLoaded\", function () {\n  document.querySelectorAll('a[href=\"\/#faq\"]').forEach(link => {\n    link.href = \"#faq\";\n  });\n});\n<\/script>\n\t\t\t\t<\/div>\n\t\t\t\t<\/div>\n\t\t\t\t<div class=\"elementor-element elementor-element-ef7068b elementor-hidden-desktop elementor-hidden-tablet elementor-hidden-mobile elementor-widget elementor-widget-text-editor\" data-id=\"ef7068b\" data-element_type=\"widget\" data-widget_type=\"text-editor.default\">\n\t\t\t\t<div class=\"elementor-widget-container\">\n\t\t\t\t\t\t\t\t\t<p>bl\u00e5 0B09CF<\/p><p>orange EC6637<\/p><p>beige FDF8EA<\/p><p>lila D6B9FA<\/p><p>turkos B8E5EC<\/p><p>gul E8BC40<\/p>\t\t\t\t\t\t\t\t<\/div>\n\t\t\t\t<\/div>\n\t\t\t\t\t<\/div>\n\t\t\t\t<\/div>\n\t\t\t\t<\/div>","protected":false},"excerpt":{"rendered":"<p>Register here God is moving in Europe It&#8217;s time to celebrate! This summer, something historic is happening across Europe\u2014one million people will hear the Gospel face to face. Jesus is moving in powerful ways, and we believe this is just the beginning! So on Saturday, July 19, 2025, we\u2019re gathering at Awakening Church in Eimeldingen [&hellip;]<\/p>","protected":false},"author":3,"featured_media":0,"parent":1162,"menu_order":0,"comment_status":"closed","ping_status":"closed","template":"","meta":{"footnotes":""},"folder":[63],"class_list":["post-4901","page","type-page","status-publish","hentry"],"yoast_head":"<!-- This site is optimized with the Yoast SEO plugin v25.8 - https:\/\/yoast.com\/wordpress\/plugins\/seo\/ -->\n<title>Celebration Event | Awakening Europe<\/title>\n<meta name=\"robots\" content=\"index, follow, max-snippet:-1, max-image-preview:large, max-video-preview:-1\" \/>\n<link rel=\"canonical\" href=\"https:\/\/themillionmonth.com\/sv\/million-month-2025\/celebration-event2025\/\" \/>\n<meta property=\"og:locale\" content=\"sv_SE\" \/>\n<meta property=\"og:type\" content=\"article\" \/>\n<meta property=\"og:title\" content=\"Celebration Event | Awakening Europe\" \/>\n<meta property=\"og:description\" content=\"Register here God is moving in Europe It&#8217;s time to celebrate! This summer, something historic is happening across Europe\u2014one million people will hear the Gospel face to face. Jesus is moving in powerful ways, and we believe this is just the beginning! So on Saturday, July 19, 2025, we\u2019re gathering at Awakening Church in Eimeldingen [&hellip;]\" \/>\n<meta property=\"og:url\" content=\"https:\/\/themillionmonth.com\/sv\/million-month-2025\/celebration-event2025\/\" \/>\n<meta property=\"og:site_name\" content=\"Awakening Europe\" \/>\n<meta property=\"article:publisher\" content=\"https:\/\/facebook.com\/awakeningeurope\" \/>\n<meta property=\"article:modified_time\" content=\"2026-02-25T10:08:07+00:00\" \/>\n<meta property=\"og:image\" content=\"https:\/\/themillionmonth.com\/wp-content\/uploads\/2025\/05\/mm_celebration_banner.jpg\" \/>\n\t<meta property=\"og:image:width\" content=\"1900\" \/>\n\t<meta property=\"og:image:height\" content=\"450\" \/>\n\t<meta property=\"og:image:type\" content=\"image\/jpeg\" \/>\n<meta name=\"twitter:card\" content=\"summary_large_image\" \/>\n<meta name=\"twitter:label1\" content=\"Ber\u00e4knad l\u00e4stid\" \/>\n\t<meta name=\"twitter:data1\" content=\"2 minuter\" \/>\n<script type=\"application\/ld+json\" class=\"yoast-schema-graph\">{\"@context\":\"https:\/\/schema.org\",\"@graph\":[{\"@type\":\"WebPage\",\"@id\":\"https:\/\/themillionmonth.com\/million-month-2025\/celebration-event2025\/\",\"url\":\"https:\/\/themillionmonth.com\/million-month-2025\/celebration-event2025\/\",\"name\":\"Celebration Event | Awakening Europe\",\"isPartOf\":{\"@id\":\"https:\/\/themillionmonth.com\/nl\/#website\"},\"primaryImageOfPage\":{\"@id\":\"https:\/\/themillionmonth.com\/million-month-2025\/celebration-event2025\/#primaryimage\"},\"image\":{\"@id\":\"https:\/\/themillionmonth.com\/million-month-2025\/celebration-event2025\/#primaryimage\"},\"thumbnailUrl\":\"https:\/\/themillionmonth.com\/wp-content\/uploads\/2025\/05\/mm_celebration_banner.jpg\",\"datePublished\":\"2025-05-12T08:01:24+00:00\",\"dateModified\":\"2026-02-25T10:08:07+00:00\",\"breadcrumb\":{\"@id\":\"https:\/\/themillionmonth.com\/million-month-2025\/celebration-event2025\/#breadcrumb\"},\"inLanguage\":\"sv-SE\",\"potentialAction\":[{\"@type\":\"ReadAction\",\"target\":[\"https:\/\/themillionmonth.com\/million-month-2025\/celebration-event2025\/\"]}]},{\"@type\":\"ImageObject\",\"inLanguage\":\"sv-SE\",\"@id\":\"https:\/\/themillionmonth.com\/million-month-2025\/celebration-event2025\/#primaryimage\",\"url\":\"https:\/\/themillionmonth.com\/wp-content\/uploads\/2025\/05\/mm_celebration_banner.jpg\",\"contentUrl\":\"https:\/\/themillionmonth.com\/wp-content\/uploads\/2025\/05\/mm_celebration_banner.jpg\"},{\"@type\":\"BreadcrumbList\",\"@id\":\"https:\/\/themillionmonth.com\/million-month-2025\/celebration-event2025\/#breadcrumb\",\"itemListElement\":[{\"@type\":\"ListItem\",\"position\":1,\"name\":\"Home\",\"item\":\"https:\/\/themillionmonth.com\/\"},{\"@type\":\"ListItem\",\"position\":2,\"name\":\"The Million Month 2025\",\"item\":\"https:\/\/themillionmonth.com\/million-month-2025\/\"},{\"@type\":\"ListItem\",\"position\":3,\"name\":\"Celebration Event\"}]},{\"@type\":\"WebSite\",\"@id\":\"https:\/\/themillionmonth.com\/nl\/#website\",\"url\":\"https:\/\/themillionmonth.com\/nl\/\",\"name\":\"Awakening Europe\",\"description\":\"\",\"publisher\":{\"@id\":\"https:\/\/themillionmonth.com\/nl\/#organization\"},\"potentialAction\":[{\"@type\":\"SearchAction\",\"target\":{\"@type\":\"EntryPoint\",\"urlTemplate\":\"https:\/\/themillionmonth.com\/nl\/?s={search_term_string}\"},\"query-input\":{\"@type\":\"PropertyValueSpecification\",\"valueRequired\":true,\"valueName\":\"search_term_string\"}}],\"inLanguage\":\"sv-SE\"},{\"@type\":\"Organization\",\"@id\":\"https:\/\/themillionmonth.com\/nl\/#organization\",\"name\":\"Awakening Europe\",\"url\":\"https:\/\/themillionmonth.com\/nl\/\",\"logo\":{\"@type\":\"ImageObject\",\"inLanguage\":\"sv-SE\",\"@id\":\"https:\/\/themillionmonth.com\/nl\/#\/schema\/logo\/image\/\",\"url\":\"https:\/\/themillionmonth.com\/wp-content\/uploads\/2023\/12\/favicon.png\",\"contentUrl\":\"https:\/\/themillionmonth.com\/wp-content\/uploads\/2023\/12\/favicon.png\",\"width\":576,\"height\":576,\"caption\":\"Awakening Europe\"},\"image\":{\"@id\":\"https:\/\/themillionmonth.com\/nl\/#\/schema\/logo\/image\/\"},\"sameAs\":[\"https:\/\/facebook.com\/awakeningeurope\",\"https:\/\/instagram.com\/awakeningeurope\"]}]}<\/script>\n<!-- \/ Yoast SEO plugin. -->","yoast_head_json":{"title":"Celebration Event | Awakening Europe","robots":{"index":"index","follow":"follow","max-snippet":"max-snippet:-1","max-image-preview":"max-image-preview:large","max-video-preview":"max-video-preview:-1"},"canonical":"https:\/\/themillionmonth.com\/sv\/million-month-2025\/celebration-event2025\/","og_locale":"sv_SE","og_type":"article","og_title":"Celebration Event | Awakening Europe","og_description":"Register here God is moving in Europe It&#8217;s time to celebrate! This summer, something historic is happening across Europe\u2014one million people will hear the Gospel face to face. Jesus is moving in powerful ways, and we believe this is just the beginning! So on Saturday, July 19, 2025, we\u2019re gathering at Awakening Church in Eimeldingen [&hellip;]","og_url":"https:\/\/themillionmonth.com\/sv\/million-month-2025\/celebration-event2025\/","og_site_name":"Awakening Europe","article_publisher":"https:\/\/facebook.com\/awakeningeurope","article_modified_time":"2026-02-25T10:08:07+00:00","og_image":[{"width":1900,"height":450,"url":"https:\/\/themillionmonth.com\/wp-content\/uploads\/2025\/05\/mm_celebration_banner.jpg","type":"image\/jpeg"}],"twitter_card":"summary_large_image","twitter_misc":{"Ber\u00e4knad l\u00e4stid":"2 minuter"},"schema":{"@context":"https:\/\/schema.org","@graph":[{"@type":"WebPage","@id":"https:\/\/themillionmonth.com\/million-month-2025\/celebration-event2025\/","url":"https:\/\/themillionmonth.com\/million-month-2025\/celebration-event2025\/","name":"Celebration Event | Awakening Europe","isPartOf":{"@id":"https:\/\/themillionmonth.com\/nl\/#website"},"primaryImageOfPage":{"@id":"https:\/\/themillionmonth.com\/million-month-2025\/celebration-event2025\/#primaryimage"},"image":{"@id":"https:\/\/themillionmonth.com\/million-month-2025\/celebration-event2025\/#primaryimage"},"thumbnailUrl":"https:\/\/themillionmonth.com\/wp-content\/uploads\/2025\/05\/mm_celebration_banner.jpg","datePublished":"2025-05-12T08:01:24+00:00","dateModified":"2026-02-25T10:08:07+00:00","breadcrumb":{"@id":"https:\/\/themillionmonth.com\/million-month-2025\/celebration-event2025\/#breadcrumb"},"inLanguage":"sv-SE","potentialAction":[{"@type":"ReadAction","target":["https:\/\/themillionmonth.com\/million-month-2025\/celebration-event2025\/"]}]},{"@type":"ImageObject","inLanguage":"sv-SE","@id":"https:\/\/themillionmonth.com\/million-month-2025\/celebration-event2025\/#primaryimage","url":"https:\/\/themillionmonth.com\/wp-content\/uploads\/2025\/05\/mm_celebration_banner.jpg","contentUrl":"https:\/\/themillionmonth.com\/wp-content\/uploads\/2025\/05\/mm_celebration_banner.jpg"},{"@type":"BreadcrumbList","@id":"https:\/\/themillionmonth.com\/million-month-2025\/celebration-event2025\/#breadcrumb","itemListElement":[{"@type":"ListItem","position":1,"name":"Home","item":"https:\/\/themillionmonth.com\/"},{"@type":"ListItem","position":2,"name":"The Million Month 2025","item":"https:\/\/themillionmonth.com\/million-month-2025\/"},{"@type":"ListItem","position":3,"name":"Celebration Event"}]},{"@type":"WebSite","@id":"https:\/\/themillionmonth.com\/nl\/#website","url":"https:\/\/themillionmonth.com\/nl\/","name":"Awakening Europe","description":"","publisher":{"@id":"https:\/\/themillionmonth.com\/nl\/#organization"},"potentialAction":[{"@type":"SearchAction","target":{"@type":"EntryPoint","urlTemplate":"https:\/\/themillionmonth.com\/nl\/?s={search_term_string}"},"query-input":{"@type":"PropertyValueSpecification","valueRequired":true,"valueName":"search_term_string"}}],"inLanguage":"sv-SE"},{"@type":"Organization","@id":"https:\/\/themillionmonth.com\/nl\/#organization","name":"Awakening Europe","url":"https:\/\/themillionmonth.com\/nl\/","logo":{"@type":"ImageObject","inLanguage":"sv-SE","@id":"https:\/\/themillionmonth.com\/nl\/#\/schema\/logo\/image\/","url":"https:\/\/themillionmonth.com\/wp-content\/uploads\/2023\/12\/favicon.png","contentUrl":"https:\/\/themillionmonth.com\/wp-content\/uploads\/2023\/12\/favicon.png","width":576,"height":576,"caption":"Awakening Europe"},"image":{"@id":"https:\/\/themillionmonth.com\/nl\/#\/schema\/logo\/image\/"},"sameAs":["https:\/\/facebook.com\/awakeningeurope","https:\/\/instagram.com\/awakeningeurope"]}]}},"_links":{"self":[{"href":"https:\/\/themillionmonth.com\/sv\/wp-json\/wp\/v2\/pages\/4901","targetHints":{"allow":["GET"]}}],"collection":[{"href":"https:\/\/themillionmonth.com\/sv\/wp-json\/wp\/v2\/pages"}],"about":[{"href":"https:\/\/themillionmonth.com\/sv\/wp-json\/wp\/v2\/types\/page"}],"author":[{"embeddable":true,"href":"https:\/\/themillionmonth.com\/sv\/wp-json\/wp\/v2\/users\/3"}],"replies":[{"embeddable":true,"href":"https:\/\/themillionmonth.com\/sv\/wp-json\/wp\/v2\/comments?post=4901"}],"version-history":[{"count":68,"href":"https:\/\/themillionmonth.com\/sv\/wp-json\/wp\/v2\/pages\/4901\/revisions"}],"predecessor-version":[{"id":6453,"href":"https:\/\/themillionmonth.com\/sv\/wp-json\/wp\/v2\/pages\/4901\/revisions\/6453"}],"up":[{"embeddable":true,"href":"https:\/\/themillionmonth.com\/sv\/wp-json\/wp\/v2\/pages\/1162"}],"wp:attachment":[{"href":"https:\/\/themillionmonth.com\/sv\/wp-json\/wp\/v2\/media?parent=4901"}],"wp:term":[{"taxonomy":"folder","embeddable":true,"href":"https:\/\/themillionmonth.com\/sv\/wp-json\/wp\/v2\/folder?post=4901"}],"curies":[{"name":"wp","href":"https:\/\/api.w.org\/{rel}","templated":true}]}}