{"id":6379,"date":"2025-06-29T23:48:48","date_gmt":"2025-06-29T21:48:48","guid":{"rendered":"https:\/\/themillionmonth.com\/?page_id=6379"},"modified":"2026-02-25T11:08:30","modified_gmt":"2026-02-25T10:08:30","slug":"celebration-livestream2025","status":"publish","type":"page","link":"https:\/\/themillionmonth.com\/pt\/million-month-2025\/celebration-livestream2025\/","title":{"rendered":"Transmiss\u00e3o ao vivo da celebra\u00e7\u00e3o"},"content":{"rendered":"<div data-elementor-type=\"wp-page\" data-elementor-id=\"6379\" class=\"elementor elementor-6379\" data-elementor-post-type=\"page\">\n\t\t\t\t<div class=\"elementor-element elementor-element-173c08e0 e-con-full e-flex e-con e-parent\" data-id=\"173c08e0\" data-element_type=\"container\" data-settings=\"{&quot;background_background&quot;:&quot;classic&quot;}\">\n\t\t\t\t<div class=\"elementor-element elementor-element-2ff781a1 elementor-widget__width-inherit elementor-hidden-mobile elementor-widget elementor-widget-image\" data-id=\"2ff781a1\" data-element_type=\"widget\" data-widget_type=\"image.default\">\n\t\t\t\t<div class=\"elementor-widget-container\">\n\t\t\t\t\t\t\t\t\t\t\t\t\t\t\t<img fetchpriority=\"high\" decoding=\"async\" width=\"1900\" height=\"450\" src=\"https:\/\/themillionmonth.com\/wp-content\/uploads\/2025\/06\/mm_celebration_banner.jpg\" class=\"attachment-full size-full wp-image-6381\" alt=\"\" srcset=\"https:\/\/themillionmonth.com\/wp-content\/uploads\/2025\/06\/mm_celebration_banner.jpg 1900w, https:\/\/themillionmonth.com\/wp-content\/uploads\/2025\/06\/mm_celebration_banner-300x71.jpg 300w, https:\/\/themillionmonth.com\/wp-content\/uploads\/2025\/06\/mm_celebration_banner-1024x243.jpg 1024w, https:\/\/themillionmonth.com\/wp-content\/uploads\/2025\/06\/mm_celebration_banner-768x182.jpg 768w, https:\/\/themillionmonth.com\/wp-content\/uploads\/2025\/06\/mm_celebration_banner-1536x364.jpg 1536w, https:\/\/themillionmonth.com\/wp-content\/uploads\/2025\/06\/mm_celebration_banner-18x4.jpg 18w\" sizes=\"(max-width: 1900px) 100vw, 1900px\" \/>\t\t\t\t\t\t\t\t\t\t\t\t\t\t\t<\/div>\n\t\t\t\t<\/div>\n\t\t\t\t<div class=\"elementor-element elementor-element-5873f3b1 elementor-align-center elementor-absolute elementor-widget elementor-widget-button\" data-id=\"5873f3b1\" data-element_type=\"widget\" data-settings=\"{&quot;_position&quot;:&quot;absolute&quot;}\" data-widget_type=\"button.default\">\n\t\t\t\t<div class=\"elementor-widget-container\">\n\t\t\t\t\t\t\t\t\t<div class=\"elementor-button-wrapper\">\n\t\t\t\t\t<a class=\"elementor-button elementor-button-link elementor-size-sm\" href=\"https:\/\/www.cvents.eu\/en\/million-month-celebration-event-eimeldingen-19072025\/\" target=\"_blank\">\n\t\t\t\t\t\t<span class=\"elementor-button-content-wrapper\">\n\t\t\t\t\t\t\t\t\t<span class=\"elementor-button-text\">Register here<\/span>\n\t\t\t\t\t<\/span>\n\t\t\t\t\t<\/a>\n\t\t\t\t<\/div>\n\t\t\t\t\t\t\t\t<\/div>\n\t\t\t\t<\/div>\n\t\t\t\t<\/div>\n\t\t<div class=\"elementor-element elementor-element-2766735c e-flex e-con-boxed e-con e-parent\" data-id=\"2766735c\" data-element_type=\"container\" data-settings=\"{&quot;background_background&quot;:&quot;classic&quot;}\">\n\t\t\t\t\t<div class=\"e-con-inner\">\n\t\t\t\t<div class=\"elementor-element elementor-element-789e510f elementor-widget elementor-widget-heading\" data-id=\"789e510f\" data-element_type=\"widget\" data-widget_type=\"heading.default\">\n\t\t\t\t<div class=\"elementor-widget-container\">\n\t\t\t\t\t<h3 class=\"elementor-heading-title elementor-size-default\">Livestream<\/h3>\t\t\t\t<\/div>\n\t\t\t\t<\/div>\n\t\t\t\t<div class=\"elementor-element elementor-element-54ea269 elementor-widget elementor-widget-heading\" data-id=\"54ea269\" data-element_type=\"widget\" data-widget_type=\"heading.default\">\n\t\t\t\t<div class=\"elementor-widget-container\">\n\t\t\t\t\t<h4 class=\"elementor-heading-title elementor-size-default\">Afternoon Session  - 2.30pm<\/h4>\t\t\t\t<\/div>\n\t\t\t\t<\/div>\n\t\t\t\t<div class=\"elementor-element elementor-element-a3e1056 elementor-widget__width-initial elementor-widget elementor-widget-html\" data-id=\"a3e1056\" data-element_type=\"widget\" data-widget_type=\"html.default\">\n\t\t\t\t<div class=\"elementor-widget-container\">\n\t\t\t\t\t<iframe width=\"560\" height=\"315\" src=\"https:\/\/www.youtube.com\/embed\/ON_VVG65DII?si=i18Pwt484lOG3CNT\" title=\"Leitor de v\u00eddeo do YouTube\" frameborder=\"0\" allow=\"accelerometer; autoplay; clipboard-write; encrypted-media; gyroscope; picture-in-picture; web-share\" referrerpolicy=\"strict-origin-when-cross-origin\" allowfullscreen><\/iframe>\t\t\t\t<\/div>\n\t\t\t\t<\/div>\n\t\t\t\t<div class=\"elementor-element elementor-element-c96d48f elementor-widget elementor-widget-heading\" data-id=\"c96d48f\" data-element_type=\"widget\" data-widget_type=\"heading.default\">\n\t\t\t\t<div class=\"elementor-widget-container\">\n\t\t\t\t\t<h4 class=\"elementor-heading-title elementor-size-default\">Night Session - 7pm<\/h4>\t\t\t\t<\/div>\n\t\t\t\t<\/div>\n\t\t\t\t<div class=\"elementor-element elementor-element-49f3a12 elementor-widget__width-initial elementor-widget elementor-widget-html\" data-id=\"49f3a12\" data-element_type=\"widget\" data-widget_type=\"html.default\">\n\t\t\t\t<div class=\"elementor-widget-container\">\n\t\t\t\t\t<iframe width=\"560\" height=\"315\" src=\"https:\/\/www.youtube.com\/embed\/eYutAyhcY0E?si=8U84PU74iSbHpN2A\" title=\"Leitor de v\u00eddeo do YouTube\" frameborder=\"0\" allow=\"accelerometer; autoplay; clipboard-write; encrypted-media; gyroscope; picture-in-picture; web-share\" referrerpolicy=\"strict-origin-when-cross-origin\" allowfullscreen><\/iframe>\t\t\t\t<\/div>\n\t\t\t\t<\/div>\n\t\t\t\t\t<\/div>\n\t\t\t\t<\/div>\n\t\t<div class=\"elementor-element elementor-element-388b9a93 e-flex e-con-boxed e-con e-parent\" data-id=\"388b9a93\" data-element_type=\"container\">\n\t\t\t\t\t<div class=\"e-con-inner\">\n\t\t\t\t<div class=\"elementor-element elementor-element-8b589e7 elementor-widget elementor-widget-heading\" data-id=\"8b589e7\" data-element_type=\"widget\" data-widget_type=\"heading.default\">\n\t\t\t\t<div class=\"elementor-widget-container\">\n\t\t\t\t\t<h3 class=\"elementor-heading-title elementor-size-default\">Hor\u00e1rio<\/h3>\t\t\t\t<\/div>\n\t\t\t\t<\/div>\n\t\t<div class=\"elementor-element elementor-element-232f3dd3 e-con-full e-flex e-con e-child\" data-id=\"232f3dd3\" data-element_type=\"container\">\n\t\t\t\t<div class=\"elementor-element elementor-element-5b3c04c1 elementor-widget elementor-widget-heading\" data-id=\"5b3c04c1\" data-element_type=\"widget\" data-widget_type=\"heading.default\">\n\t\t\t\t<div class=\"elementor-widget-container\">\n\t\t\t\t\t<h5 class=\"elementor-heading-title elementor-size-default\">s\u00e1bado<\/h5>\t\t\t\t<\/div>\n\t\t\t\t<\/div>\n\t\t\t\t<div class=\"elementor-element elementor-element-659b9c41 elementor-widget elementor-widget-price-list\" data-id=\"659b9c41\" data-element_type=\"widget\" data-widget_type=\"price-list.default\">\n\t\t\t\t<div class=\"elementor-widget-container\">\n\t\t\t\t\t\n\t\t<ul class=\"elementor-price-list\">\n\n\t\t\t\t\t\t\t\t\t<li><a class=\"elementor-price-list-item\" href=\"#\">\t\t\t\t\n\t\t\t\t<div class=\"elementor-price-list-text\">\n\t\t\t\t\t\t\t\t\t<div class=\"elementor-price-list-header\">\n\t\t\t\t\t\t\t\t\t\t\t<span class=\"elementor-price-list-title\">\n\t\t\t\t\t\t\tAbre as portas\t\t\t\t\t\t<\/span>\n\t\t\t\t\t\t\t\t\t\t\t\t\t\t\t\t\t\t<span class=\"elementor-price-list-separator\"><\/span>\n\t\t\t\t\t\t\t\t\t\t\t\t\t\t\t\t\t\t\t<span class=\"elementor-price-list-price\">10 horas<\/span>\n\t\t\t\t\t\t\t\t\t\t<\/div>\n\t\t\t\t\t\t\t\t\t\t\t\t<\/div>\n\t\t\t\t<\/a><\/li>\t\t\t\t\t\t\t\t\t\t\t\t<li><a class=\"elementor-price-list-item\" href=\"#\">\t\t\t\t\n\t\t\t\t<div class=\"elementor-price-list-text\">\n\t\t\t\t\t\t\t\t\t<div class=\"elementor-price-list-header\">\n\t\t\t\t\t\t\t\t\t\t\t<span class=\"elementor-price-list-title\">\n\t\t\t\t\t\t\tMorning Session\t\t\t\t\t\t<\/span>\n\t\t\t\t\t\t\t\t\t\t\t\t\t\t\t\t\t\t<span class=\"elementor-price-list-separator\"><\/span>\n\t\t\t\t\t\t\t\t\t\t\t\t\t\t\t\t\t\t\t<span class=\"elementor-price-list-price\">11 am<\/span>\n\t\t\t\t\t\t\t\t\t\t<\/div>\n\t\t\t\t\t\t\t\t\t\t\t\t<\/div>\n\t\t\t\t<\/a><\/li>\t\t\t\t\t\t\t\t\t\t\t\t<li><a class=\"elementor-price-list-item\" href=\"#\">\t\t\t\t\n\t\t\t\t<div class=\"elementor-price-list-text\">\n\t\t\t\t\t\t\t\t\t<div class=\"elementor-price-list-header\">\n\t\t\t\t\t\t\t\t\t\t\t<span class=\"elementor-price-list-title\">\n\t\t\t\t\t\t\tPausa para o almo\u00e7o\t\t\t\t\t\t<\/span>\n\t\t\t\t\t\t\t\t\t\t\t\t\t\t\t\t\t\t<span class=\"elementor-price-list-separator\"><\/span>\n\t\t\t\t\t\t\t\t\t\t\t\t\t\t\t\t\t\t\t<span class=\"elementor-price-list-price\">12.30 pm<\/span>\n\t\t\t\t\t\t\t\t\t\t<\/div>\n\t\t\t\t\t\t\t\t\t\t\t\t<\/div>\n\t\t\t\t<\/a><\/li>\t\t\t\t\t\t\t\t\t\t\t\t<li><a class=\"elementor-price-list-item\" href=\"#\">\t\t\t\t\n\t\t\t\t<div class=\"elementor-price-list-text\">\n\t\t\t\t\t\t\t\t\t<div class=\"elementor-price-list-header\">\n\t\t\t\t\t\t\t\t\t\t\t<span class=\"elementor-price-list-title\">\n\t\t\t\t\t\t\tAfternoon Session\t\t\t\t\t\t<\/span>\n\t\t\t\t\t\t\t\t\t\t\t\t\t\t\t\t\t\t<span class=\"elementor-price-list-separator\"><\/span>\n\t\t\t\t\t\t\t\t\t\t\t\t\t\t\t\t\t\t\t<span class=\"elementor-price-list-price\">14.30 pm<\/span>\n\t\t\t\t\t\t\t\t\t\t<\/div>\n\t\t\t\t\t\t\t\t\t\t\t\t\t\t\t<p class=\"elementor-price-list-description\">\n\t\t\t\t\t\t\tLivestream available\t\t\t\t\t\t<\/p>\n\t\t\t\t\t\t\t\t<\/div>\n\t\t\t\t<\/a><\/li>\t\t\t\t\t\t\t\t\t\t\t\t<li><a class=\"elementor-price-list-item\" href=\"#\">\t\t\t\t\n\t\t\t\t<div class=\"elementor-price-list-text\">\n\t\t\t\t\t\t\t\t\t<div class=\"elementor-price-list-header\">\n\t\t\t\t\t\t\t\t\t\t\t<span class=\"elementor-price-list-title\">\n\t\t\t\t\t\t\tDinner Break\t\t\t\t\t\t<\/span>\n\t\t\t\t\t\t\t\t\t\t\t\t\t\t\t\t\t\t<span class=\"elementor-price-list-separator\"><\/span>\n\t\t\t\t\t\t\t\t\t\t\t\t\t\t\t\t\t\t\t<span class=\"elementor-price-list-price\">17 horas<\/span>\n\t\t\t\t\t\t\t\t\t\t<\/div>\n\t\t\t\t\t\t\t\t\t\t\t\t<\/div>\n\t\t\t\t<\/a><\/li>\t\t\t\t\t\t\t\t\t\t\t\t<li><a class=\"elementor-price-list-item\" href=\"#\">\t\t\t\t\n\t\t\t\t<div class=\"elementor-price-list-text\">\n\t\t\t\t\t\t\t\t\t<div class=\"elementor-price-list-header\">\n\t\t\t\t\t\t\t\t\t\t\t<span class=\"elementor-price-list-title\">\n\t\t\t\t\t\t\tEvening Session\t\t\t\t\t\t<\/span>\n\t\t\t\t\t\t\t\t\t\t\t\t\t\t\t\t\t\t<span class=\"elementor-price-list-separator\"><\/span>\n\t\t\t\t\t\t\t\t\t\t\t\t\t\t\t\t\t\t\t<span class=\"elementor-price-list-price\">19 horas<\/span>\n\t\t\t\t\t\t\t\t\t\t<\/div>\n\t\t\t\t\t\t\t\t\t\t\t\t\t\t\t<p class=\"elementor-price-list-description\">\n\t\t\t\t\t\t\tLivestream available\t\t\t\t\t\t<\/p>\n\t\t\t\t\t\t\t\t<\/div>\n\t\t\t\t<\/a><\/li>\t\t\t\t\t\t\t\t\t\t\t\t<li><a class=\"elementor-price-list-item\" href=\"#\">\t\t\t\t\n\t\t\t\t<div class=\"elementor-price-list-text\">\n\t\t\t\t\t\t\t\t\t<div class=\"elementor-price-list-header\">\n\t\t\t\t\t\t\t\t\t\t\t<span class=\"elementor-price-list-title\">\n\t\t\t\t\t\t\tEnd\t\t\t\t\t\t<\/span>\n\t\t\t\t\t\t\t\t\t\t\t\t\t\t\t\t\t\t<span class=\"elementor-price-list-separator\"><\/span>\n\t\t\t\t\t\t\t\t\t\t\t\t\t\t\t\t\t\t\t<span class=\"elementor-price-list-price\">10 pm<\/span>\n\t\t\t\t\t\t\t\t\t\t<\/div>\n\t\t\t\t\t\t\t\t\t\t\t\t<\/div>\n\t\t\t\t<\/a><\/li>\t\t\t\t\t\n\t\t<\/ul>\n\n\t\t\t\t\t\t<\/div>\n\t\t\t\t<\/div>\n\t\t\t\t<\/div>\n\t\t\t\t\t<\/div>\n\t\t\t\t<\/div>\n\t\t\t\t<\/div>","protected":false},"excerpt":{"rendered":"<p>Regista-te aqui Livestream Sess\u00e3o da tarde - 14h30 Sess\u00e3o nocturna - 19h00 Hor\u00e1rio S\u00e1bado Portas abertas 10h00 Sess\u00e3o da manh\u00e3 11h00 Intervalo para almo\u00e7o 12h30 Sess\u00e3o da tarde 14h30 Livestream dispon\u00edvel Intervalo para jantar 17h00 Sess\u00e3o nocturna 19h00 Livestream dispon\u00edvel Fim 22h00<\/p>","protected":false},"author":3,"featured_media":0,"parent":1162,"menu_order":0,"comment_status":"closed","ping_status":"closed","template":"","meta":{"footnotes":""},"folder":[63],"class_list":["post-6379","page","type-page","status-publish","hentry"],"yoast_head":"<!-- This site is optimized with the Yoast SEO plugin v25.8 - https:\/\/yoast.com\/wordpress\/plugins\/seo\/ -->\n<title>Celebration Livestream | Awakening Europe<\/title>\n<meta name=\"robots\" content=\"index, follow, max-snippet:-1, max-image-preview:large, max-video-preview:-1\" \/>\n<link rel=\"canonical\" href=\"https:\/\/themillionmonth.com\/pt\/million-month-2025\/celebration-livestream2025\/\" \/>\n<meta property=\"og:locale\" content=\"pt_PT\" \/>\n<meta property=\"og:type\" content=\"article\" \/>\n<meta property=\"og:title\" content=\"Celebration Livestream | Awakening Europe\" \/>\n<meta property=\"og:description\" content=\"Register here Livestream Afternoon Session &#8211; 2.30pm Night Session &#8211; 7pm Schedule saturday Doors open 10 am Morning Session 11 am Lunch break 12.30 pm Afternoon Session 14.30 pm Livestream available Dinner Break 5 pm Evening Session 7 pm Livestream available End 10 pm\" \/>\n<meta property=\"og:url\" content=\"https:\/\/themillionmonth.com\/pt\/million-month-2025\/celebration-livestream2025\/\" \/>\n<meta property=\"og:site_name\" content=\"Awakening Europe\" \/>\n<meta property=\"article:publisher\" content=\"https:\/\/facebook.com\/awakeningeurope\" \/>\n<meta property=\"article:modified_time\" content=\"2026-02-25T10:08:30+00:00\" \/>\n<meta property=\"og:image\" content=\"https:\/\/themillionmonth.com\/wp-content\/uploads\/2025\/06\/mm_celebration_banner.jpg\" \/>\n\t<meta property=\"og:image:width\" content=\"1900\" \/>\n\t<meta property=\"og:image:height\" content=\"450\" \/>\n\t<meta property=\"og:image:type\" content=\"image\/jpeg\" \/>\n<meta name=\"twitter:card\" content=\"summary_large_image\" \/>\n<script type=\"application\/ld+json\" class=\"yoast-schema-graph\">{\"@context\":\"https:\/\/schema.org\",\"@graph\":[{\"@type\":\"WebPage\",\"@id\":\"https:\/\/themillionmonth.com\/million-month-2025\/celebration-livestream2025\/\",\"url\":\"https:\/\/themillionmonth.com\/million-month-2025\/celebration-livestream2025\/\",\"name\":\"Celebration Livestream | Awakening Europe\",\"isPartOf\":{\"@id\":\"https:\/\/themillionmonth.com\/nl\/#website\"},\"primaryImageOfPage\":{\"@id\":\"https:\/\/themillionmonth.com\/million-month-2025\/celebration-livestream2025\/#primaryimage\"},\"image\":{\"@id\":\"https:\/\/themillionmonth.com\/million-month-2025\/celebration-livestream2025\/#primaryimage\"},\"thumbnailUrl\":\"https:\/\/themillionmonth.com\/wp-content\/uploads\/2025\/06\/mm_celebration_banner.jpg\",\"datePublished\":\"2025-06-29T21:48:48+00:00\",\"dateModified\":\"2026-02-25T10:08:30+00:00\",\"breadcrumb\":{\"@id\":\"https:\/\/themillionmonth.com\/million-month-2025\/celebration-livestream2025\/#breadcrumb\"},\"inLanguage\":\"pt-PT\",\"potentialAction\":[{\"@type\":\"ReadAction\",\"target\":[\"https:\/\/themillionmonth.com\/million-month-2025\/celebration-livestream2025\/\"]}]},{\"@type\":\"ImageObject\",\"inLanguage\":\"pt-PT\",\"@id\":\"https:\/\/themillionmonth.com\/million-month-2025\/celebration-livestream2025\/#primaryimage\",\"url\":\"https:\/\/themillionmonth.com\/wp-content\/uploads\/2025\/06\/mm_celebration_banner.jpg\",\"contentUrl\":\"https:\/\/themillionmonth.com\/wp-content\/uploads\/2025\/06\/mm_celebration_banner.jpg\"},{\"@type\":\"BreadcrumbList\",\"@id\":\"https:\/\/themillionmonth.com\/million-month-2025\/celebration-livestream2025\/#breadcrumb\",\"itemListElement\":[{\"@type\":\"ListItem\",\"position\":1,\"name\":\"Home\",\"item\":\"https:\/\/themillionmonth.com\/\"},{\"@type\":\"ListItem\",\"position\":2,\"name\":\"The Million Month 2025\",\"item\":\"https:\/\/themillionmonth.com\/million-month-2025\/\"},{\"@type\":\"ListItem\",\"position\":3,\"name\":\"Celebration Livestream\"}]},{\"@type\":\"WebSite\",\"@id\":\"https:\/\/themillionmonth.com\/nl\/#website\",\"url\":\"https:\/\/themillionmonth.com\/nl\/\",\"name\":\"Awakening Europe\",\"description\":\"\",\"publisher\":{\"@id\":\"https:\/\/themillionmonth.com\/nl\/#organization\"},\"potentialAction\":[{\"@type\":\"SearchAction\",\"target\":{\"@type\":\"EntryPoint\",\"urlTemplate\":\"https:\/\/themillionmonth.com\/nl\/?s={search_term_string}\"},\"query-input\":{\"@type\":\"PropertyValueSpecification\",\"valueRequired\":true,\"valueName\":\"search_term_string\"}}],\"inLanguage\":\"pt-PT\"},{\"@type\":\"Organization\",\"@id\":\"https:\/\/themillionmonth.com\/nl\/#organization\",\"name\":\"Awakening Europe\",\"url\":\"https:\/\/themillionmonth.com\/nl\/\",\"logo\":{\"@type\":\"ImageObject\",\"inLanguage\":\"pt-PT\",\"@id\":\"https:\/\/themillionmonth.com\/nl\/#\/schema\/logo\/image\/\",\"url\":\"https:\/\/themillionmonth.com\/wp-content\/uploads\/2023\/12\/favicon.png\",\"contentUrl\":\"https:\/\/themillionmonth.com\/wp-content\/uploads\/2023\/12\/favicon.png\",\"width\":576,\"height\":576,\"caption\":\"Awakening Europe\"},\"image\":{\"@id\":\"https:\/\/themillionmonth.com\/nl\/#\/schema\/logo\/image\/\"},\"sameAs\":[\"https:\/\/facebook.com\/awakeningeurope\",\"https:\/\/instagram.com\/awakeningeurope\"]}]}<\/script>\n<!-- \/ Yoast SEO plugin. -->","yoast_head_json":{"title":"Celebration Livestream | Awakening Europe","robots":{"index":"index","follow":"follow","max-snippet":"max-snippet:-1","max-image-preview":"max-image-preview:large","max-video-preview":"max-video-preview:-1"},"canonical":"https:\/\/themillionmonth.com\/pt\/million-month-2025\/celebration-livestream2025\/","og_locale":"pt_PT","og_type":"article","og_title":"Celebration Livestream | Awakening Europe","og_description":"Register here Livestream Afternoon Session &#8211; 2.30pm Night Session &#8211; 7pm Schedule saturday Doors open 10 am Morning Session 11 am Lunch break 12.30 pm Afternoon Session 14.30 pm Livestream available Dinner Break 5 pm Evening Session 7 pm Livestream available End 10 pm","og_url":"https:\/\/themillionmonth.com\/pt\/million-month-2025\/celebration-livestream2025\/","og_site_name":"Awakening Europe","article_publisher":"https:\/\/facebook.com\/awakeningeurope","article_modified_time":"2026-02-25T10:08:30+00:00","og_image":[{"width":1900,"height":450,"url":"https:\/\/themillionmonth.com\/wp-content\/uploads\/2025\/06\/mm_celebration_banner.jpg","type":"image\/jpeg"}],"twitter_card":"summary_large_image","schema":{"@context":"https:\/\/schema.org","@graph":[{"@type":"WebPage","@id":"https:\/\/themillionmonth.com\/million-month-2025\/celebration-livestream2025\/","url":"https:\/\/themillionmonth.com\/million-month-2025\/celebration-livestream2025\/","name":"Celebration Livestream | Awakening Europe","isPartOf":{"@id":"https:\/\/themillionmonth.com\/nl\/#website"},"primaryImageOfPage":{"@id":"https:\/\/themillionmonth.com\/million-month-2025\/celebration-livestream2025\/#primaryimage"},"image":{"@id":"https:\/\/themillionmonth.com\/million-month-2025\/celebration-livestream2025\/#primaryimage"},"thumbnailUrl":"https:\/\/themillionmonth.com\/wp-content\/uploads\/2025\/06\/mm_celebration_banner.jpg","datePublished":"2025-06-29T21:48:48+00:00","dateModified":"2026-02-25T10:08:30+00:00","breadcrumb":{"@id":"https:\/\/themillionmonth.com\/million-month-2025\/celebration-livestream2025\/#breadcrumb"},"inLanguage":"pt-PT","potentialAction":[{"@type":"ReadAction","target":["https:\/\/themillionmonth.com\/million-month-2025\/celebration-livestream2025\/"]}]},{"@type":"ImageObject","inLanguage":"pt-PT","@id":"https:\/\/themillionmonth.com\/million-month-2025\/celebration-livestream2025\/#primaryimage","url":"https:\/\/themillionmonth.com\/wp-content\/uploads\/2025\/06\/mm_celebration_banner.jpg","contentUrl":"https:\/\/themillionmonth.com\/wp-content\/uploads\/2025\/06\/mm_celebration_banner.jpg"},{"@type":"BreadcrumbList","@id":"https:\/\/themillionmonth.com\/million-month-2025\/celebration-livestream2025\/#breadcrumb","itemListElement":[{"@type":"ListItem","position":1,"name":"Home","item":"https:\/\/themillionmonth.com\/"},{"@type":"ListItem","position":2,"name":"The Million Month 2025","item":"https:\/\/themillionmonth.com\/million-month-2025\/"},{"@type":"ListItem","position":3,"name":"Celebration Livestream"}]},{"@type":"WebSite","@id":"https:\/\/themillionmonth.com\/nl\/#website","url":"https:\/\/themillionmonth.com\/nl\/","name":"Awakening Europe","description":"","publisher":{"@id":"https:\/\/themillionmonth.com\/nl\/#organization"},"potentialAction":[{"@type":"SearchAction","target":{"@type":"EntryPoint","urlTemplate":"https:\/\/themillionmonth.com\/nl\/?s={search_term_string}"},"query-input":{"@type":"PropertyValueSpecification","valueRequired":true,"valueName":"search_term_string"}}],"inLanguage":"pt-PT"},{"@type":"Organization","@id":"https:\/\/themillionmonth.com\/nl\/#organization","name":"Awakening Europe","url":"https:\/\/themillionmonth.com\/nl\/","logo":{"@type":"ImageObject","inLanguage":"pt-PT","@id":"https:\/\/themillionmonth.com\/nl\/#\/schema\/logo\/image\/","url":"https:\/\/themillionmonth.com\/wp-content\/uploads\/2023\/12\/favicon.png","contentUrl":"https:\/\/themillionmonth.com\/wp-content\/uploads\/2023\/12\/favicon.png","width":576,"height":576,"caption":"Awakening Europe"},"image":{"@id":"https:\/\/themillionmonth.com\/nl\/#\/schema\/logo\/image\/"},"sameAs":["https:\/\/facebook.com\/awakeningeurope","https:\/\/instagram.com\/awakeningeurope"]}]}},"_links":{"self":[{"href":"https:\/\/themillionmonth.com\/pt\/wp-json\/wp\/v2\/pages\/6379","targetHints":{"allow":["GET"]}}],"collection":[{"href":"https:\/\/themillionmonth.com\/pt\/wp-json\/wp\/v2\/pages"}],"about":[{"href":"https:\/\/themillionmonth.com\/pt\/wp-json\/wp\/v2\/types\/page"}],"author":[{"embeddable":true,"href":"https:\/\/themillionmonth.com\/pt\/wp-json\/wp\/v2\/users\/3"}],"replies":[{"embeddable":true,"href":"https:\/\/themillionmonth.com\/pt\/wp-json\/wp\/v2\/comments?post=6379"}],"version-history":[{"count":13,"href":"https:\/\/themillionmonth.com\/pt\/wp-json\/wp\/v2\/pages\/6379\/revisions"}],"predecessor-version":[{"id":6456,"href":"https:\/\/themillionmonth.com\/pt\/wp-json\/wp\/v2\/pages\/6379\/revisions\/6456"}],"up":[{"embeddable":true,"href":"https:\/\/themillionmonth.com\/pt\/wp-json\/wp\/v2\/pages\/1162"}],"wp:attachment":[{"href":"https:\/\/themillionmonth.com\/pt\/wp-json\/wp\/v2\/media?parent=6379"}],"wp:term":[{"taxonomy":"folder","embeddable":true,"href":"https:\/\/themillionmonth.com\/pt\/wp-json\/wp\/v2\/folder?post=6379"}],"curies":[{"name":"wp","href":"https:\/\/api.w.org\/{rel}","templated":true}]}}