{"id":7929,"date":"2026-03-11T16:03:42","date_gmt":"2026-03-11T15:03:42","guid":{"rendered":"https:\/\/themillionmonth.com\/?page_id=7929"},"modified":"2026-04-21T15:42:46","modified_gmt":"2026-04-21T13:42:46","slug":"discipleship-trainings","status":"publish","type":"page","link":"https:\/\/themillionmonth.com\/pl\/the-million-month-2026\/discipleship-trainings\/","title":{"rendered":"Discipleship Trainings"},"content":{"rendered":"<div data-elementor-type=\"wp-page\" data-elementor-id=\"7929\" class=\"elementor elementor-7929\" data-elementor-post-type=\"page\">\n\t\t\t\t<div class=\"elementor-element elementor-element-42aee738 e-con-full e-flex e-con e-parent\" data-id=\"42aee738\" data-element_type=\"container\" data-settings=\"{&quot;background_background&quot;:&quot;classic&quot;}\">\n\t\t\t\t<div class=\"elementor-element elementor-element-52cfb28f elementor-widget__width-initial elementor-widget-tablet__width-inherit elementor-widget elementor-widget-heading\" data-id=\"52cfb28f\" data-element_type=\"widget\" data-widget_type=\"heading.default\">\n\t\t\t\t<div class=\"elementor-widget-container\">\n\t\t\t\t\t<h2 class=\"elementor-heading-title elementor-size-default\">Do\u0142\u0105cz do nas na<\/h2>\t\t\t\t<\/div>\n\t\t\t\t<\/div>\n\t\t\t\t<div class=\"elementor-element elementor-element-7e32b09c elementor-widget__width-inherit elementor-widget elementor-widget-heading\" data-id=\"7e32b09c\" data-element_type=\"widget\" data-widget_type=\"heading.default\">\n\t\t\t\t<div class=\"elementor-widget-container\">\n\t\t\t\t\t<h2 class=\"elementor-heading-title elementor-size-default\"> <\/h2>\t\t\t\t<\/div>\n\t\t\t\t<\/div>\n\t\t\t\t<div class=\"elementor-element elementor-element-245c7ab4 elementor-widget__width-initial e-transform elementor-widget elementor-widget-text-editor\" data-id=\"245c7ab4\" data-element_type=\"widget\" data-settings=\"{&quot;_transform_rotateZ_effect&quot;:{&quot;unit&quot;:&quot;px&quot;,&quot;size&quot;:-5,&quot;sizes&quot;:[]},&quot;_transform_rotateZ_effect_tablet&quot;:{&quot;unit&quot;:&quot;deg&quot;,&quot;size&quot;:&quot;&quot;,&quot;sizes&quot;:[]},&quot;_transform_rotateZ_effect_mobile&quot;:{&quot;unit&quot;:&quot;deg&quot;,&quot;size&quot;:&quot;&quot;,&quot;sizes&quot;:[]}}\" data-widget_type=\"text-editor.default\">\n\t\t\t\t<div class=\"elementor-widget-container\">\n\t\t\t\t\t\t\t\t\t<p>Europa dla Jezusa<\/p>\t\t\t\t\t\t\t\t<\/div>\n\t\t\t\t<\/div>\n\t\t\t\t<\/div>\n\t\t<div class=\"elementor-element elementor-element-6cb2a1ce e-flex e-con-boxed e-con e-parent\" data-id=\"6cb2a1ce\" data-element_type=\"container\" data-settings=\"{&quot;background_background&quot;:&quot;classic&quot;}\">\n\t\t\t\t\t<div class=\"e-con-inner\">\n\t\t<div class=\"elementor-element elementor-element-557ad32f e-flex e-con-boxed e-con e-child\" data-id=\"557ad32f\" data-element_type=\"container\">\n\t\t\t\t\t<div class=\"e-con-inner\">\n\t\t\t\t<div class=\"elementor-element elementor-element-29826e69 elementor-nav-menu--dropdown-none elementor-hidden-desktop elementor-hidden-tablet elementor-hidden-mobile elementor-widget elementor-widget-nav-menu\" data-id=\"29826e69\" data-element_type=\"widget\" data-settings=\"{&quot;layout&quot;:&quot;horizontal&quot;,&quot;submenu_icon&quot;:{&quot;value&quot;:&quot;&lt;svg class=\\&quot;e-font-icon-svg e-fas-caret-down\\&quot; viewBox=\\&quot;0 0 320 512\\&quot; xmlns=\\&quot;http:\\\/\\\/www.w3.org\\\/2000\\\/svg\\&quot;&gt;&lt;path d=\\&quot;M31.3 192h257.3c17.8 0 26.7 21.5 14.1 34.1L174.1 354.8c-7.8 7.8-20.5 7.8-28.3 0L17.2 226.1C4.6 213.5 13.5 192 31.3 192z\\&quot;&gt;&lt;\\\/path&gt;&lt;\\\/svg&gt;&quot;,&quot;library&quot;:&quot;fa-solid&quot;}}\" data-widget_type=\"nav-menu.default\">\n\t\t\t\t<div class=\"elementor-widget-container\">\n\t\t\t\t\t\t\t\t<nav aria-label=\"Menu\" class=\"elementor-nav-menu--main elementor-nav-menu__container elementor-nav-menu--layout-horizontal e--pointer-underline e--animation-fade\">\n\t\t\t\t<ul id=\"menu-1-29826e69\" class=\"elementor-nav-menu\"><li class=\"trp-language-switcher-container menu-item menu-item-type-post_type menu-item-object-language_switcher current-language-menu-item menu-item-5250\"><a href=\"https:\/\/themillionmonth.com\/pl\/wp-json\/wp\/v2\/pages\/7929\" class=\"elementor-item elementor-item-anchor\"><span data-no-translation><img decoding=\"async\" class=\"trp-flag-image\" src=\"https:\/\/themillionmonth.com\/wp-content\/plugins\/translatepress-multilingual\/assets\/images\/flags\/en_US.png\" width=\"18\" height=\"12\" alt=\"en_US\" title=\"English\"><span class=\"trp-ls-language-name\">English<\/span><\/span><\/a><\/li>\n<\/ul>\t\t\t<\/nav>\n\t\t\t\t\t\t<nav class=\"elementor-nav-menu--dropdown elementor-nav-menu__container\" aria-hidden=\"true\">\n\t\t\t\t<ul id=\"menu-2-29826e69\" class=\"elementor-nav-menu\"><li class=\"trp-language-switcher-container menu-item menu-item-type-post_type menu-item-object-language_switcher current-language-menu-item menu-item-5250\"><a href=\"https:\/\/themillionmonth.com\/pl\/wp-json\/wp\/v2\/pages\/7929\" class=\"elementor-item elementor-item-anchor\" tabindex=\"-1\"><span data-no-translation><img decoding=\"async\" class=\"trp-flag-image\" src=\"https:\/\/themillionmonth.com\/wp-content\/plugins\/translatepress-multilingual\/assets\/images\/flags\/en_US.png\" width=\"18\" height=\"12\" alt=\"en_US\" title=\"English\"><span class=\"trp-ls-language-name\">English<\/span><\/span><\/a><\/li>\n<\/ul>\t\t\t<\/nav>\n\t\t\t\t\t\t<\/div>\n\t\t\t\t<\/div>\n\t\t\t\t<div class=\"elementor-element elementor-element-6d1f8be9 elementor-widget elementor-widget-spacer\" data-id=\"6d1f8be9\" data-element_type=\"widget\" data-widget_type=\"spacer.default\">\n\t\t\t\t<div class=\"elementor-widget-container\">\n\t\t\t\t\t\t\t<div class=\"elementor-spacer\">\n\t\t\t<div class=\"elementor-spacer-inner\"><\/div>\n\t\t<\/div>\n\t\t\t\t\t\t<\/div>\n\t\t\t\t<\/div>\n\t\t\t\t<div class=\"elementor-element elementor-element-4bc65655 elementor-widget elementor-widget-text-editor\" data-id=\"4bc65655\" data-element_type=\"widget\" data-widget_type=\"text-editor.default\">\n\t\t\t\t<div class=\"elementor-widget-container\">\n\t\t\t\t\t\t\t\t\t<p data-pm-slice=\"1 1 []\">15 kwietnia - 12 sierpnia<\/p>\t\t\t\t\t\t\t\t<\/div>\n\t\t\t\t<\/div>\n\t\t\t\t\t<\/div>\n\t\t\t\t<\/div>\n\t\t<div class=\"elementor-element elementor-element-1784579e e-flex e-con-boxed e-con e-child\" data-id=\"1784579e\" data-element_type=\"container\" data-settings=\"{&quot;background_background&quot;:&quot;classic&quot;}\">\n\t\t\t\t\t<div class=\"e-con-inner\">\n\t\t<div class=\"elementor-element elementor-element-2885b50c e-con-full e-flex e-con e-child\" data-id=\"2885b50c\" data-element_type=\"container\" data-settings=\"{&quot;background_background&quot;:&quot;classic&quot;}\">\n\t\t\t\t<div class=\"elementor-element elementor-element-21b9f621 elementor-widget__width-initial elementor-widget elementor-widget-text-editor\" data-id=\"21b9f621\" data-element_type=\"widget\" data-widget_type=\"text-editor.default\">\n\t\t\t\t<div class=\"elementor-widget-container\">\n\t\t\t\t\t\t\t\t\t<p data-pm-slice=\"1 1 []\">During the Million Month, we are equipping believers across Europe to step into the Great Commission, by preaching and \u201cmaking disciples\u201d. Our discipleship trainings will be held live on Zoom, where you will receive simple, practical tools to help new believers grow in their faith and begin walking with Jesus. You don\u2019t need special qualifications \u2013 just a willing heart. Come join us!<\/p><p data-pm-slice=\"1 1 []\"><strong>Szkolenia:<\/strong><\/p><p data-pm-slice=\"1 1 []\">15, 22 i 29 kwietnia @ 18:30 CEST<\/p><p><strong>Trenerzy:<\/strong><\/p><p>15, 22 i 29 lipca<br \/>5 i 12 sierpnia @ 18:30 CEST<\/p><p><a href=\"https:\/\/us02web.zoom.us\/j\/88009583586?pwd=QDBaZWNJ41E3grZrCALyUPtngshtv6.1\" target=\"_blank\" rel=\"noopener\">Kliknij tutaj, aby przej\u015b\u0107 bezpo\u015brednio do szkolenia Zoom<\/a><br \/>(Simultaneous translation will be available in German, French, Spanish, Russian, Estonian, Romanian and Portuguese)<\/p>\t\t\t\t\t\t\t\t<\/div>\n\t\t\t\t<\/div>\n\t\t\t\t<div class=\"elementor-element elementor-element-712a8d3 elementor-widget elementor-widget-text-editor\" data-id=\"712a8d3\" data-element_type=\"widget\" data-widget_type=\"text-editor.default\">\n\t\t\t\t<div class=\"elementor-widget-container\">\n\t\t\t\t\t\t\t\t\t<p data-pm-slice=\"1 1 []\">Wielka Komisja jest wezwaniem dla nas wszystkich. Jezus nakaza\u0142 nam nie tylko g\u0142osi\u0107 ewangeli\u0119, ale tak\u017ce <strong>czy\u0144 uczni\u00f3w<\/strong>.<\/p><p>Podczas Miesi\u0105ca Miliona przygotowujemy wierz\u0105cych w ca\u0142ej Europie do podj\u0119cia tego powo\u0142ania. Nasze szkolenia uczniowskie dadz\u0105 Ci proste, praktyczne narz\u0119dzia, kt\u00f3re pomog\u0105 nowym wierz\u0105cym wzrasta\u0107 w wierze i zacz\u0105\u0107 chodzi\u0107 z Jezusem. Nie potrzebujesz specjalnych kwalifikacji - wystarczy, \u017ce masz ch\u0119tne serce. B\u00f3g uwielbia u\u017cywa\u0107 zwyk\u0142ych ludzi do robienia niezwyk\u0142ych rzeczy.<\/p><p>Gdy tysi\u0105ce ludzi spotykaj\u0105 Chrystusa podczas Miesi\u0105ca Miliona, powsta\u0144my, aby i\u015b\u0107 razem z nimi, piel\u0119gnowa\u0107 ich wiar\u0119 i widzie\u0107, jak \u017cycie naprawd\u0119 si\u0119 zmienia. Tak w\u0142a\u015bnie rozprzestrzenia si\u0119 przebudzenie - jeden ucze\u0144 czyni drugiego.<br \/><br \/><\/p><p><span style=\"font-size: 1em;\"><br \/><b><a href=\"https:\/\/drive.google.com\/drive\/folders\/1HOfgdrRQMaaCKIQaz3NYrj-Lo0n01T_m\" target=\"_blank\" rel=\"noopener\">Recordings from past sessions<\/a><br \/><br \/><\/b><\/span><\/p>\t\t\t\t\t\t\t\t<\/div>\n\t\t\t\t<\/div>\n\t\t\t\t<\/div>\n\t\t\t\t\t<\/div>\n\t\t\t\t<\/div>\n\t\t\t\t\t<\/div>\n\t\t\t\t<\/div>\n\t\t\t\t<\/div>","protected":false},"excerpt":{"rendered":"<p>Join us for Europe for Jesus 15th of April &#8211; 12th of August During the Million Month, we are equipping believers across Europe to step into the Great Commission, by preaching and \u201cmaking disciples\u201d. Our discipleship trainings will be held live on Zoom, where you will receive simple, practical tools to help new believers grow [&hellip;]<\/p>","protected":false},"author":3,"featured_media":0,"parent":6798,"menu_order":0,"comment_status":"closed","ping_status":"closed","template":"","meta":{"footnotes":""},"folder":[65],"class_list":["post-7929","page","type-page","status-publish","hentry"],"yoast_head":"<!-- This site is optimized with the Yoast SEO plugin v25.8 - https:\/\/yoast.com\/wordpress\/plugins\/seo\/ -->\n<title>Discipleship Trainings | Awakening Europe<\/title>\n<meta name=\"robots\" content=\"index, follow, max-snippet:-1, max-image-preview:large, max-video-preview:-1\" \/>\n<link rel=\"canonical\" href=\"https:\/\/themillionmonth.com\/pl\/the-million-month-2026\/discipleship-trainings\/\" \/>\n<meta property=\"og:locale\" content=\"pl_PL\" \/>\n<meta property=\"og:type\" content=\"article\" \/>\n<meta property=\"og:title\" content=\"Discipleship Trainings | Awakening Europe\" \/>\n<meta property=\"og:description\" content=\"Join us for Europe for Jesus 15th of April &#8211; 12th of August During the Million Month, we are equipping believers across Europe to step into the Great Commission, by preaching and \u201cmaking disciples\u201d. Our discipleship trainings will be held live on Zoom, where you will receive simple, practical tools to help new believers grow [&hellip;]\" \/>\n<meta property=\"og:url\" content=\"https:\/\/themillionmonth.com\/pl\/the-million-month-2026\/discipleship-trainings\/\" \/>\n<meta property=\"og:site_name\" content=\"Awakening Europe\" \/>\n<meta property=\"article:publisher\" content=\"https:\/\/facebook.com\/awakeningeurope\" \/>\n<meta property=\"article:modified_time\" content=\"2026-04-21T13:42:46+00:00\" \/>\n<meta name=\"twitter:card\" content=\"summary_large_image\" \/>\n<meta name=\"twitter:label1\" content=\"Szacowany czas czytania\" \/>\n\t<meta name=\"twitter:data1\" content=\"1 minuta\" \/>\n<script type=\"application\/ld+json\" class=\"yoast-schema-graph\">{\"@context\":\"https:\/\/schema.org\",\"@graph\":[{\"@type\":\"WebPage\",\"@id\":\"https:\/\/themillionmonth.com\/the-million-month-2026\/discipleship-trainings\/\",\"url\":\"https:\/\/themillionmonth.com\/the-million-month-2026\/discipleship-trainings\/\",\"name\":\"Discipleship Trainings | Awakening Europe\",\"isPartOf\":{\"@id\":\"https:\/\/themillionmonth.com\/nl\/#website\"},\"datePublished\":\"2026-03-11T15:03:42+00:00\",\"dateModified\":\"2026-04-21T13:42:46+00:00\",\"breadcrumb\":{\"@id\":\"https:\/\/themillionmonth.com\/the-million-month-2026\/discipleship-trainings\/#breadcrumb\"},\"inLanguage\":\"pl-PL\",\"potentialAction\":[{\"@type\":\"ReadAction\",\"target\":[\"https:\/\/themillionmonth.com\/the-million-month-2026\/discipleship-trainings\/\"]}]},{\"@type\":\"BreadcrumbList\",\"@id\":\"https:\/\/themillionmonth.com\/the-million-month-2026\/discipleship-trainings\/#breadcrumb\",\"itemListElement\":[{\"@type\":\"ListItem\",\"position\":1,\"name\":\"Home\",\"item\":\"https:\/\/themillionmonth.com\/\"},{\"@type\":\"ListItem\",\"position\":2,\"name\":\"The Million Month 2026\",\"item\":\"https:\/\/themillionmonth.com\/\"},{\"@type\":\"ListItem\",\"position\":3,\"name\":\"Discipleship Trainings\"}]},{\"@type\":\"WebSite\",\"@id\":\"https:\/\/themillionmonth.com\/nl\/#website\",\"url\":\"https:\/\/themillionmonth.com\/nl\/\",\"name\":\"Awakening Europe\",\"description\":\"\",\"publisher\":{\"@id\":\"https:\/\/themillionmonth.com\/nl\/#organization\"},\"potentialAction\":[{\"@type\":\"SearchAction\",\"target\":{\"@type\":\"EntryPoint\",\"urlTemplate\":\"https:\/\/themillionmonth.com\/nl\/?s={search_term_string}\"},\"query-input\":{\"@type\":\"PropertyValueSpecification\",\"valueRequired\":true,\"valueName\":\"search_term_string\"}}],\"inLanguage\":\"pl-PL\"},{\"@type\":\"Organization\",\"@id\":\"https:\/\/themillionmonth.com\/nl\/#organization\",\"name\":\"Awakening Europe\",\"url\":\"https:\/\/themillionmonth.com\/nl\/\",\"logo\":{\"@type\":\"ImageObject\",\"inLanguage\":\"pl-PL\",\"@id\":\"https:\/\/themillionmonth.com\/nl\/#\/schema\/logo\/image\/\",\"url\":\"https:\/\/themillionmonth.com\/wp-content\/uploads\/2023\/12\/favicon.png\",\"contentUrl\":\"https:\/\/themillionmonth.com\/wp-content\/uploads\/2023\/12\/favicon.png\",\"width\":576,\"height\":576,\"caption\":\"Awakening Europe\"},\"image\":{\"@id\":\"https:\/\/themillionmonth.com\/nl\/#\/schema\/logo\/image\/\"},\"sameAs\":[\"https:\/\/facebook.com\/awakeningeurope\",\"https:\/\/instagram.com\/awakeningeurope\"]}]}<\/script>\n<!-- \/ Yoast SEO plugin. -->","yoast_head_json":{"title":"Discipleship Trainings | Awakening Europe","robots":{"index":"index","follow":"follow","max-snippet":"max-snippet:-1","max-image-preview":"max-image-preview:large","max-video-preview":"max-video-preview:-1"},"canonical":"https:\/\/themillionmonth.com\/pl\/the-million-month-2026\/discipleship-trainings\/","og_locale":"pl_PL","og_type":"article","og_title":"Discipleship Trainings | Awakening Europe","og_description":"Join us for Europe for Jesus 15th of April &#8211; 12th of August During the Million Month, we are equipping believers across Europe to step into the Great Commission, by preaching and \u201cmaking disciples\u201d. Our discipleship trainings will be held live on Zoom, where you will receive simple, practical tools to help new believers grow [&hellip;]","og_url":"https:\/\/themillionmonth.com\/pl\/the-million-month-2026\/discipleship-trainings\/","og_site_name":"Awakening Europe","article_publisher":"https:\/\/facebook.com\/awakeningeurope","article_modified_time":"2026-04-21T13:42:46+00:00","twitter_card":"summary_large_image","twitter_misc":{"Szacowany czas czytania":"1 minuta"},"schema":{"@context":"https:\/\/schema.org","@graph":[{"@type":"WebPage","@id":"https:\/\/themillionmonth.com\/the-million-month-2026\/discipleship-trainings\/","url":"https:\/\/themillionmonth.com\/the-million-month-2026\/discipleship-trainings\/","name":"Discipleship Trainings | Awakening Europe","isPartOf":{"@id":"https:\/\/themillionmonth.com\/nl\/#website"},"datePublished":"2026-03-11T15:03:42+00:00","dateModified":"2026-04-21T13:42:46+00:00","breadcrumb":{"@id":"https:\/\/themillionmonth.com\/the-million-month-2026\/discipleship-trainings\/#breadcrumb"},"inLanguage":"pl-PL","potentialAction":[{"@type":"ReadAction","target":["https:\/\/themillionmonth.com\/the-million-month-2026\/discipleship-trainings\/"]}]},{"@type":"BreadcrumbList","@id":"https:\/\/themillionmonth.com\/the-million-month-2026\/discipleship-trainings\/#breadcrumb","itemListElement":[{"@type":"ListItem","position":1,"name":"Home","item":"https:\/\/themillionmonth.com\/"},{"@type":"ListItem","position":2,"name":"The Million Month 2026","item":"https:\/\/themillionmonth.com\/"},{"@type":"ListItem","position":3,"name":"Discipleship Trainings"}]},{"@type":"WebSite","@id":"https:\/\/themillionmonth.com\/nl\/#website","url":"https:\/\/themillionmonth.com\/nl\/","name":"Awakening Europe","description":"","publisher":{"@id":"https:\/\/themillionmonth.com\/nl\/#organization"},"potentialAction":[{"@type":"SearchAction","target":{"@type":"EntryPoint","urlTemplate":"https:\/\/themillionmonth.com\/nl\/?s={search_term_string}"},"query-input":{"@type":"PropertyValueSpecification","valueRequired":true,"valueName":"search_term_string"}}],"inLanguage":"pl-PL"},{"@type":"Organization","@id":"https:\/\/themillionmonth.com\/nl\/#organization","name":"Awakening Europe","url":"https:\/\/themillionmonth.com\/nl\/","logo":{"@type":"ImageObject","inLanguage":"pl-PL","@id":"https:\/\/themillionmonth.com\/nl\/#\/schema\/logo\/image\/","url":"https:\/\/themillionmonth.com\/wp-content\/uploads\/2023\/12\/favicon.png","contentUrl":"https:\/\/themillionmonth.com\/wp-content\/uploads\/2023\/12\/favicon.png","width":576,"height":576,"caption":"Awakening Europe"},"image":{"@id":"https:\/\/themillionmonth.com\/nl\/#\/schema\/logo\/image\/"},"sameAs":["https:\/\/facebook.com\/awakeningeurope","https:\/\/instagram.com\/awakeningeurope"]}]}},"_links":{"self":[{"href":"https:\/\/themillionmonth.com\/pl\/wp-json\/wp\/v2\/pages\/7929","targetHints":{"allow":["GET"]}}],"collection":[{"href":"https:\/\/themillionmonth.com\/pl\/wp-json\/wp\/v2\/pages"}],"about":[{"href":"https:\/\/themillionmonth.com\/pl\/wp-json\/wp\/v2\/types\/page"}],"author":[{"embeddable":true,"href":"https:\/\/themillionmonth.com\/pl\/wp-json\/wp\/v2\/users\/3"}],"replies":[{"embeddable":true,"href":"https:\/\/themillionmonth.com\/pl\/wp-json\/wp\/v2\/comments?post=7929"}],"version-history":[{"count":28,"href":"https:\/\/themillionmonth.com\/pl\/wp-json\/wp\/v2\/pages\/7929\/revisions"}],"predecessor-version":[{"id":8722,"href":"https:\/\/themillionmonth.com\/pl\/wp-json\/wp\/v2\/pages\/7929\/revisions\/8722"}],"up":[{"embeddable":true,"href":"https:\/\/themillionmonth.com\/pl\/wp-json\/wp\/v2\/pages\/6798"}],"wp:attachment":[{"href":"https:\/\/themillionmonth.com\/pl\/wp-json\/wp\/v2\/media?parent=7929"}],"wp:term":[{"taxonomy":"folder","embeddable":true,"href":"https:\/\/themillionmonth.com\/pl\/wp-json\/wp\/v2\/folder?post=7929"}],"curies":[{"name":"wp","href":"https:\/\/api.w.org\/{rel}","templated":true}]}}