{"id":7929,"date":"2026-03-11T16:03:42","date_gmt":"2026-03-11T15:03:42","guid":{"rendered":"https:\/\/themillionmonth.com\/?page_id=7929"},"modified":"2026-05-05T16:00:14","modified_gmt":"2026-05-05T14:00:14","slug":"discipleship-trainings","status":"publish","type":"page","link":"https:\/\/themillionmonth.com\/mt\/the-million-month-2026\/discipleship-trainings\/","title":{"rendered":"Discipleship Trainings"},"content":{"rendered":"<div data-elementor-type=\"wp-page\" data-elementor-id=\"7929\" class=\"elementor elementor-7929\" data-elementor-post-type=\"page\">\n\t\t\t\t<div class=\"elementor-element elementor-element-42aee738 e-con-full e-flex e-con e-parent\" data-id=\"42aee738\" data-element_type=\"container\" data-settings=\"{&quot;background_background&quot;:&quot;classic&quot;}\">\n\t\t\t\t<div class=\"elementor-element elementor-element-52cfb28f elementor-widget__width-initial elementor-widget-tablet__width-inherit elementor-widget elementor-widget-heading\" data-id=\"52cfb28f\" data-element_type=\"widget\" data-widget_type=\"heading.default\">\n\t\t\t\t<div class=\"elementor-widget-container\">\n\t\t\t\t\t<h2 class=\"elementor-heading-title elementor-size-default\">Ing\u0127aqad mag\u0127na g\u0127al<\/h2>\t\t\t\t<\/div>\n\t\t\t\t<\/div>\n\t\t\t\t<div class=\"elementor-element elementor-element-7e32b09c elementor-widget__width-inherit elementor-widget elementor-widget-heading\" data-id=\"7e32b09c\" data-element_type=\"widget\" data-widget_type=\"heading.default\">\n\t\t\t\t<div class=\"elementor-widget-container\">\n\t\t\t\t\t<h2 class=\"elementor-heading-title elementor-size-default\"> <\/h2>\t\t\t\t<\/div>\n\t\t\t\t<\/div>\n\t\t\t\t<div class=\"elementor-element elementor-element-245c7ab4 elementor-widget__width-initial e-transform elementor-widget elementor-widget-text-editor\" data-id=\"245c7ab4\" data-element_type=\"widget\" data-settings=\"{&quot;_transform_rotateZ_effect&quot;:{&quot;unit&quot;:&quot;px&quot;,&quot;size&quot;:-5,&quot;sizes&quot;:[]},&quot;_transform_rotateZ_effect_tablet&quot;:{&quot;unit&quot;:&quot;deg&quot;,&quot;size&quot;:&quot;&quot;,&quot;sizes&quot;:[]},&quot;_transform_rotateZ_effect_mobile&quot;:{&quot;unit&quot;:&quot;deg&quot;,&quot;size&quot;:&quot;&quot;,&quot;sizes&quot;:[]}}\" data-widget_type=\"text-editor.default\">\n\t\t\t\t<div class=\"elementor-widget-container\">\n\t\t\t\t\t\t\t\t\t<p>Ewropa g\u0127al \u0120es\u00f9<\/p>\t\t\t\t\t\t\t\t<\/div>\n\t\t\t\t<\/div>\n\t\t\t\t<\/div>\n\t\t<div class=\"elementor-element elementor-element-6cb2a1ce e-flex e-con-boxed e-con e-parent\" data-id=\"6cb2a1ce\" data-element_type=\"container\" data-settings=\"{&quot;background_background&quot;:&quot;classic&quot;}\">\n\t\t\t\t\t<div class=\"e-con-inner\">\n\t\t<div class=\"elementor-element elementor-element-557ad32f e-flex e-con-boxed e-con e-child\" data-id=\"557ad32f\" data-element_type=\"container\">\n\t\t\t\t\t<div class=\"e-con-inner\">\n\t\t\t\t<div class=\"elementor-element elementor-element-29826e69 elementor-nav-menu--dropdown-none elementor-hidden-desktop elementor-hidden-tablet elementor-hidden-mobile elementor-widget elementor-widget-nav-menu\" data-id=\"29826e69\" data-element_type=\"widget\" data-settings=\"{&quot;layout&quot;:&quot;horizontal&quot;,&quot;submenu_icon&quot;:{&quot;value&quot;:&quot;&lt;svg class=\\&quot;e-font-icon-svg e-fas-caret-down\\&quot; viewBox=\\&quot;0 0 320 512\\&quot; xmlns=\\&quot;http:\\\/\\\/www.w3.org\\\/2000\\\/svg\\&quot;&gt;&lt;path d=\\&quot;M31.3 192h257.3c17.8 0 26.7 21.5 14.1 34.1L174.1 354.8c-7.8 7.8-20.5 7.8-28.3 0L17.2 226.1C4.6 213.5 13.5 192 31.3 192z\\&quot;&gt;&lt;\\\/path&gt;&lt;\\\/svg&gt;&quot;,&quot;library&quot;:&quot;fa-solid&quot;}}\" data-widget_type=\"nav-menu.default\">\n\t\t\t\t<div class=\"elementor-widget-container\">\n\t\t\t\t\t\t\t\t<nav aria-label=\"Menu\" class=\"elementor-nav-menu--main elementor-nav-menu__container elementor-nav-menu--layout-horizontal e--pointer-underline e--animation-fade\">\n\t\t\t\t<ul id=\"menu-1-29826e69\" class=\"elementor-nav-menu\"><li class=\"trp-language-switcher-container menu-item menu-item-type-post_type menu-item-object-language_switcher current-language-menu-item menu-item-5250\"><a href=\"https:\/\/themillionmonth.com\/mt\/wp-json\/wp\/v2\/pages\/7929\" class=\"elementor-item elementor-item-anchor\"><span data-no-translation><img decoding=\"async\" class=\"trp-flag-image\" src=\"https:\/\/themillionmonth.com\/wp-content\/plugins\/translatepress-multilingual\/assets\/images\/flags\/en_US.png\" width=\"18\" height=\"12\" alt=\"en_US\" title=\"English\"><span class=\"trp-ls-language-name\">English<\/span><\/span><\/a><\/li>\n<\/ul>\t\t\t<\/nav>\n\t\t\t\t\t\t<nav class=\"elementor-nav-menu--dropdown elementor-nav-menu__container\" aria-hidden=\"true\">\n\t\t\t\t<ul id=\"menu-2-29826e69\" class=\"elementor-nav-menu\"><li class=\"trp-language-switcher-container menu-item menu-item-type-post_type menu-item-object-language_switcher current-language-menu-item menu-item-5250\"><a href=\"https:\/\/themillionmonth.com\/mt\/wp-json\/wp\/v2\/pages\/7929\" class=\"elementor-item elementor-item-anchor\" tabindex=\"-1\"><span data-no-translation><img decoding=\"async\" class=\"trp-flag-image\" src=\"https:\/\/themillionmonth.com\/wp-content\/plugins\/translatepress-multilingual\/assets\/images\/flags\/en_US.png\" width=\"18\" height=\"12\" alt=\"en_US\" title=\"English\"><span class=\"trp-ls-language-name\">English<\/span><\/span><\/a><\/li>\n<\/ul>\t\t\t<\/nav>\n\t\t\t\t\t\t<\/div>\n\t\t\t\t<\/div>\n\t\t\t\t<div class=\"elementor-element elementor-element-6d1f8be9 elementor-widget elementor-widget-spacer\" data-id=\"6d1f8be9\" data-element_type=\"widget\" data-widget_type=\"spacer.default\">\n\t\t\t\t<div class=\"elementor-widget-container\">\n\t\t\t\t\t\t\t<div class=\"elementor-spacer\">\n\t\t\t<div class=\"elementor-spacer-inner\"><\/div>\n\t\t<\/div>\n\t\t\t\t\t\t<\/div>\n\t\t\t\t<\/div>\n\t\t\t\t<div class=\"elementor-element elementor-element-4bc65655 elementor-widget elementor-widget-text-editor\" data-id=\"4bc65655\" data-element_type=\"widget\" data-widget_type=\"text-editor.default\">\n\t\t\t\t<div class=\"elementor-widget-container\">\n\t\t\t\t\t\t\t\t\t<p data-pm-slice=\"1 1 []\">15 ta' April \u2013 12 ta' Awwissu<\/p>\t\t\t\t\t\t\t\t<\/div>\n\t\t\t\t<\/div>\n\t\t\t\t\t<\/div>\n\t\t\t\t<\/div>\n\t\t<div class=\"elementor-element elementor-element-1784579e e-flex e-con-boxed e-con e-child\" data-id=\"1784579e\" data-element_type=\"container\" data-settings=\"{&quot;background_background&quot;:&quot;classic&quot;}\">\n\t\t\t\t\t<div class=\"e-con-inner\">\n\t\t<div class=\"elementor-element elementor-element-2885b50c e-con-full e-flex e-con e-child\" data-id=\"2885b50c\" data-element_type=\"container\" data-settings=\"{&quot;background_background&quot;:&quot;classic&quot;}\">\n\t\t\t\t<div class=\"elementor-element elementor-element-21b9f621 elementor-widget__width-initial elementor-widget elementor-widget-text-editor\" data-id=\"21b9f621\" data-element_type=\"widget\" data-widget_type=\"text-editor.default\">\n\t\t\t\t<div class=\"elementor-widget-container\">\n\t\t\t\t\t\t\t\t\t<p data-pm-slice=\"1 1 []\">During the Million Month, we are equipping believers across Europe to step into the Great Commission, by preaching and \u201cmaking disciples\u201d. Our discipleship trainings will be held live on Zoom, where you will receive simple, practical tools to help new believers grow in their faith and begin walking with Jesus. You don\u2019t need special qualifications \u2013 just a willing heart. Come join us!<\/p><p data-pm-slice=\"1 1 []\"><strong>Ta\u0127ri\u0121ijiet:<\/strong><\/p><p data-pm-slice=\"1 1 []\">15, 22 u 29 ta' April @ 18:30 CEST<\/p><p><strong>Sessjonijiet ta' ta\u0127ri\u0121:<\/strong><\/p><p>July 15th, 22nd &amp; 29th @ 18:30 CEST<\/p><p><a href=\"https:\/\/us02web.zoom.us\/j\/88009583586?pwd=QDBaZWNJ41E3grZrCALyUPtngshtv6.1\" target=\"_blank\" rel=\"noopener\">Ikklikkja hawn biex tasal direttament g\u0127at-ta\u0127ri\u0121 fuq Zoom<\/a><br \/>(Simultaneous translation will be available in German, French, Spanish, Russian, Estonian, Romanian and Portuguese)<\/p>\t\t\t\t\t\t\t\t<\/div>\n\t\t\t\t<\/div>\n\t\t\t\t<div class=\"elementor-element elementor-element-712a8d3 elementor-widget elementor-widget-text-editor\" data-id=\"712a8d3\" data-element_type=\"widget\" data-widget_type=\"text-editor.default\">\n\t\t\t\t<div class=\"elementor-widget-container\">\n\t\t\t\t\t\t\t\t\t<p data-pm-slice=\"1 1 []\">Il-Kummissjoni l-Kbira hija sej\u0127a g\u0127alina lkoll. \u0120es\u00f9 kmandana mhux biss biex nippridkaw l-Evan\u0121elju, i\u017cda biex <strong>Jag\u0127mlu dixxipli<\/strong>.<\/p><p>Matul ix-Xahar tal-Miljun, qed nipprovdu lill-fidili madwar l-Ewropa biex jid\u0127lu f'din is-sej\u0127a. It-ta\u0127ri\u0121iet fid-dis\u010bipulat tag\u0127na se jag\u0127tuk g\u0127odod sempli\u010bi u pratti\u010bi biex tg\u0127in lill-fidili \u0121odda jikbru fil-fidi tag\u0127hom u jibdew jimxu ma' \u0120es\u00f9. Ma g\u0127andekx b\u017conn kwalifiki spe\u010bjali \u2013 biss qalb miftu\u0127a. Alla j\u0127obb ju\u017ca nies ordinarji biex jag\u0127mlu affarijiet straordinarji.<\/p><p>Filwaqt li eluf jiltaqg\u0127u ma' Kristu matul ix-Xahar tal-Miljun, ejja nqumu biex nimxu mag\u0127hom, ninkora\u0121\u0121ixxu l-fidi tag\u0127hom, u naraw \u0127ajjithom verament trasformati. Dan hu kif ir-risveggjar jinfirex \u2013 dis\u010biplu wie\u0127ed jag\u0127mel ie\u0127or.<br \/><br \/><\/p><p><span style=\"font-size: 1em;\"><br \/><b><a href=\"https:\/\/drive.google.com\/drive\/folders\/1HOfgdrRQMaaCKIQaz3NYrj-Lo0n01T_m\" target=\"_blank\" rel=\"noopener\">Recordings from past sessions<\/a><br \/><br \/><\/b><\/span><\/p>\t\t\t\t\t\t\t\t<\/div>\n\t\t\t\t<\/div>\n\t\t\t\t<\/div>\n\t\t\t\t\t<\/div>\n\t\t\t\t<\/div>\n\t\t\t\t\t<\/div>\n\t\t\t\t<\/div>\n\t\t\t\t<\/div>","protected":false},"excerpt":{"rendered":"<p>Join us for Europe for Jesus 15th of April &#8211; 12th of August During the Million Month, we are equipping believers across Europe to step into the Great Commission, by preaching and \u201cmaking disciples\u201d. Our discipleship trainings will be held live on Zoom, where you will receive simple, practical tools to help new believers grow [&hellip;]<\/p>","protected":false},"author":3,"featured_media":0,"parent":6798,"menu_order":0,"comment_status":"closed","ping_status":"closed","template":"","meta":{"footnotes":""},"folder":[65],"class_list":["post-7929","page","type-page","status-publish","hentry"],"yoast_head":"<!-- This site is optimized with the Yoast SEO plugin v25.8 - https:\/\/yoast.com\/wordpress\/plugins\/seo\/ -->\n<title>Discipleship Trainings | Awakening Europe<\/title>\n<meta name=\"robots\" content=\"index, follow, max-snippet:-1, max-image-preview:large, max-video-preview:-1\" \/>\n<link rel=\"canonical\" href=\"https:\/\/themillionmonth.com\/mt\/the-million-month-2026\/discipleship-trainings\/\" \/>\n<meta property=\"og:locale\" content=\"mt_MT\" \/>\n<meta property=\"og:type\" content=\"article\" \/>\n<meta property=\"og:title\" content=\"Discipleship Trainings | Awakening Europe\" \/>\n<meta property=\"og:description\" content=\"Join us for Europe for Jesus 15th of April &#8211; 12th of August During the Million Month, we are equipping believers across Europe to step into the Great Commission, by preaching and \u201cmaking disciples\u201d. Our discipleship trainings will be held live on Zoom, where you will receive simple, practical tools to help new believers grow [&hellip;]\" \/>\n<meta property=\"og:url\" content=\"https:\/\/themillionmonth.com\/mt\/the-million-month-2026\/discipleship-trainings\/\" \/>\n<meta property=\"og:site_name\" content=\"Awakening Europe\" \/>\n<meta property=\"article:publisher\" content=\"https:\/\/facebook.com\/awakeningeurope\" \/>\n<meta property=\"article:modified_time\" content=\"2026-05-05T14:00:14+00:00\" \/>\n<meta name=\"twitter:card\" content=\"summary_large_image\" \/>\n<meta name=\"twitter:label1\" content=\"Est. reading time\" \/>\n\t<meta name=\"twitter:data1\" content=\"1 minute\" \/>\n<script type=\"application\/ld+json\" class=\"yoast-schema-graph\">{\"@context\":\"https:\/\/schema.org\",\"@graph\":[{\"@type\":\"WebPage\",\"@id\":\"https:\/\/themillionmonth.com\/the-million-month-2026\/discipleship-trainings\/\",\"url\":\"https:\/\/themillionmonth.com\/the-million-month-2026\/discipleship-trainings\/\",\"name\":\"Discipleship Trainings | Awakening Europe\",\"isPartOf\":{\"@id\":\"https:\/\/themillionmonth.com\/nl\/#website\"},\"datePublished\":\"2026-03-11T15:03:42+00:00\",\"dateModified\":\"2026-05-05T14:00:14+00:00\",\"breadcrumb\":{\"@id\":\"https:\/\/themillionmonth.com\/the-million-month-2026\/discipleship-trainings\/#breadcrumb\"},\"inLanguage\":\"mt\",\"potentialAction\":[{\"@type\":\"ReadAction\",\"target\":[\"https:\/\/themillionmonth.com\/the-million-month-2026\/discipleship-trainings\/\"]}]},{\"@type\":\"BreadcrumbList\",\"@id\":\"https:\/\/themillionmonth.com\/the-million-month-2026\/discipleship-trainings\/#breadcrumb\",\"itemListElement\":[{\"@type\":\"ListItem\",\"position\":1,\"name\":\"Home\",\"item\":\"https:\/\/themillionmonth.com\/\"},{\"@type\":\"ListItem\",\"position\":2,\"name\":\"The Million Month 2026\",\"item\":\"https:\/\/themillionmonth.com\/\"},{\"@type\":\"ListItem\",\"position\":3,\"name\":\"Discipleship Trainings\"}]},{\"@type\":\"WebSite\",\"@id\":\"https:\/\/themillionmonth.com\/nl\/#website\",\"url\":\"https:\/\/themillionmonth.com\/nl\/\",\"name\":\"Awakening Europe\",\"description\":\"\",\"publisher\":{\"@id\":\"https:\/\/themillionmonth.com\/nl\/#organization\"},\"potentialAction\":[{\"@type\":\"SearchAction\",\"target\":{\"@type\":\"EntryPoint\",\"urlTemplate\":\"https:\/\/themillionmonth.com\/nl\/?s={search_term_string}\"},\"query-input\":{\"@type\":\"PropertyValueSpecification\",\"valueRequired\":true,\"valueName\":\"search_term_string\"}}],\"inLanguage\":\"mt\"},{\"@type\":\"Organization\",\"@id\":\"https:\/\/themillionmonth.com\/nl\/#organization\",\"name\":\"Awakening Europe\",\"url\":\"https:\/\/themillionmonth.com\/nl\/\",\"logo\":{\"@type\":\"ImageObject\",\"inLanguage\":\"mt\",\"@id\":\"https:\/\/themillionmonth.com\/nl\/#\/schema\/logo\/image\/\",\"url\":\"https:\/\/themillionmonth.com\/wp-content\/uploads\/2023\/12\/favicon.png\",\"contentUrl\":\"https:\/\/themillionmonth.com\/wp-content\/uploads\/2023\/12\/favicon.png\",\"width\":576,\"height\":576,\"caption\":\"Awakening Europe\"},\"image\":{\"@id\":\"https:\/\/themillionmonth.com\/nl\/#\/schema\/logo\/image\/\"},\"sameAs\":[\"https:\/\/facebook.com\/awakeningeurope\",\"https:\/\/instagram.com\/awakeningeurope\"]}]}<\/script>\n<!-- \/ Yoast SEO plugin. -->","yoast_head_json":{"title":"Discipleship Trainings | Awakening Europe","robots":{"index":"index","follow":"follow","max-snippet":"max-snippet:-1","max-image-preview":"max-image-preview:large","max-video-preview":"max-video-preview:-1"},"canonical":"https:\/\/themillionmonth.com\/mt\/the-million-month-2026\/discipleship-trainings\/","og_locale":"mt_MT","og_type":"article","og_title":"Discipleship Trainings | Awakening Europe","og_description":"Join us for Europe for Jesus 15th of April &#8211; 12th of August During the Million Month, we are equipping believers across Europe to step into the Great Commission, by preaching and \u201cmaking disciples\u201d. Our discipleship trainings will be held live on Zoom, where you will receive simple, practical tools to help new believers grow [&hellip;]","og_url":"https:\/\/themillionmonth.com\/mt\/the-million-month-2026\/discipleship-trainings\/","og_site_name":"Awakening Europe","article_publisher":"https:\/\/facebook.com\/awakeningeurope","article_modified_time":"2026-05-05T14:00:14+00:00","twitter_card":"summary_large_image","twitter_misc":{"Est. reading time":"1 minute"},"schema":{"@context":"https:\/\/schema.org","@graph":[{"@type":"WebPage","@id":"https:\/\/themillionmonth.com\/the-million-month-2026\/discipleship-trainings\/","url":"https:\/\/themillionmonth.com\/the-million-month-2026\/discipleship-trainings\/","name":"Discipleship Trainings | Awakening Europe","isPartOf":{"@id":"https:\/\/themillionmonth.com\/nl\/#website"},"datePublished":"2026-03-11T15:03:42+00:00","dateModified":"2026-05-05T14:00:14+00:00","breadcrumb":{"@id":"https:\/\/themillionmonth.com\/the-million-month-2026\/discipleship-trainings\/#breadcrumb"},"inLanguage":"mt","potentialAction":[{"@type":"ReadAction","target":["https:\/\/themillionmonth.com\/the-million-month-2026\/discipleship-trainings\/"]}]},{"@type":"BreadcrumbList","@id":"https:\/\/themillionmonth.com\/the-million-month-2026\/discipleship-trainings\/#breadcrumb","itemListElement":[{"@type":"ListItem","position":1,"name":"Home","item":"https:\/\/themillionmonth.com\/"},{"@type":"ListItem","position":2,"name":"The Million Month 2026","item":"https:\/\/themillionmonth.com\/"},{"@type":"ListItem","position":3,"name":"Discipleship Trainings"}]},{"@type":"WebSite","@id":"https:\/\/themillionmonth.com\/nl\/#website","url":"https:\/\/themillionmonth.com\/nl\/","name":"Awakening Europe","description":"","publisher":{"@id":"https:\/\/themillionmonth.com\/nl\/#organization"},"potentialAction":[{"@type":"SearchAction","target":{"@type":"EntryPoint","urlTemplate":"https:\/\/themillionmonth.com\/nl\/?s={search_term_string}"},"query-input":{"@type":"PropertyValueSpecification","valueRequired":true,"valueName":"search_term_string"}}],"inLanguage":"mt"},{"@type":"Organization","@id":"https:\/\/themillionmonth.com\/nl\/#organization","name":"Awakening Europe","url":"https:\/\/themillionmonth.com\/nl\/","logo":{"@type":"ImageObject","inLanguage":"mt","@id":"https:\/\/themillionmonth.com\/nl\/#\/schema\/logo\/image\/","url":"https:\/\/themillionmonth.com\/wp-content\/uploads\/2023\/12\/favicon.png","contentUrl":"https:\/\/themillionmonth.com\/wp-content\/uploads\/2023\/12\/favicon.png","width":576,"height":576,"caption":"Awakening Europe"},"image":{"@id":"https:\/\/themillionmonth.com\/nl\/#\/schema\/logo\/image\/"},"sameAs":["https:\/\/facebook.com\/awakeningeurope","https:\/\/instagram.com\/awakeningeurope"]}]}},"_links":{"self":[{"href":"https:\/\/themillionmonth.com\/mt\/wp-json\/wp\/v2\/pages\/7929","targetHints":{"allow":["GET"]}}],"collection":[{"href":"https:\/\/themillionmonth.com\/mt\/wp-json\/wp\/v2\/pages"}],"about":[{"href":"https:\/\/themillionmonth.com\/mt\/wp-json\/wp\/v2\/types\/page"}],"author":[{"embeddable":true,"href":"https:\/\/themillionmonth.com\/mt\/wp-json\/wp\/v2\/users\/3"}],"replies":[{"embeddable":true,"href":"https:\/\/themillionmonth.com\/mt\/wp-json\/wp\/v2\/comments?post=7929"}],"version-history":[{"count":31,"href":"https:\/\/themillionmonth.com\/mt\/wp-json\/wp\/v2\/pages\/7929\/revisions"}],"predecessor-version":[{"id":8836,"href":"https:\/\/themillionmonth.com\/mt\/wp-json\/wp\/v2\/pages\/7929\/revisions\/8836"}],"up":[{"embeddable":true,"href":"https:\/\/themillionmonth.com\/mt\/wp-json\/wp\/v2\/pages\/6798"}],"wp:attachment":[{"href":"https:\/\/themillionmonth.com\/mt\/wp-json\/wp\/v2\/media?parent=7929"}],"wp:term":[{"taxonomy":"folder","embeddable":true,"href":"https:\/\/themillionmonth.com\/mt\/wp-json\/wp\/v2\/folder?post=7929"}],"curies":[{"name":"wp","href":"https:\/\/api.w.org\/{rel}","templated":true}]}}