{"id":7929,"date":"2026-03-11T16:03:42","date_gmt":"2026-03-11T15:03:42","guid":{"rendered":"https:\/\/themillionmonth.com\/?page_id=7929"},"modified":"2026-04-21T15:42:46","modified_gmt":"2026-04-21T13:42:46","slug":"discipleship-trainings","status":"publish","type":"page","link":"https:\/\/themillionmonth.com\/es\/the-million-month-2026\/discipleship-trainings\/","title":{"rendered":"los cursos de formaci\u00f3n para el discipulado"},"content":{"rendered":"<div data-elementor-type=\"wp-page\" data-elementor-id=\"7929\" class=\"elementor elementor-7929\" data-elementor-post-type=\"page\">\n\t\t\t\t<div class=\"elementor-element elementor-element-42aee738 e-con-full e-flex e-con e-parent\" data-id=\"42aee738\" data-element_type=\"container\" data-settings=\"{&quot;background_background&quot;:&quot;classic&quot;}\">\n\t\t\t\t<div class=\"elementor-element elementor-element-52cfb28f elementor-widget__width-initial elementor-widget-tablet__width-inherit elementor-widget elementor-widget-heading\" data-id=\"52cfb28f\" data-element_type=\"widget\" data-widget_type=\"heading.default\">\n\t\t\t\t<div class=\"elementor-widget-container\">\n\t\t\t\t\t<h2 class=\"elementor-heading-title elementor-size-default\">\u00danete a nosotros en<\/h2>\t\t\t\t<\/div>\n\t\t\t\t<\/div>\n\t\t\t\t<div class=\"elementor-element elementor-element-7e32b09c elementor-widget__width-inherit elementor-widget elementor-widget-heading\" data-id=\"7e32b09c\" data-element_type=\"widget\" data-widget_type=\"heading.default\">\n\t\t\t\t<div class=\"elementor-widget-container\">\n\t\t\t\t\t<h2 class=\"elementor-heading-title elementor-size-default\"> <\/h2>\t\t\t\t<\/div>\n\t\t\t\t<\/div>\n\t\t\t\t<div class=\"elementor-element elementor-element-245c7ab4 elementor-widget__width-initial e-transform elementor-widget elementor-widget-text-editor\" data-id=\"245c7ab4\" data-element_type=\"widget\" data-settings=\"{&quot;_transform_rotateZ_effect&quot;:{&quot;unit&quot;:&quot;px&quot;,&quot;size&quot;:-5,&quot;sizes&quot;:[]},&quot;_transform_rotateZ_effect_tablet&quot;:{&quot;unit&quot;:&quot;deg&quot;,&quot;size&quot;:&quot;&quot;,&quot;sizes&quot;:[]},&quot;_transform_rotateZ_effect_mobile&quot;:{&quot;unit&quot;:&quot;deg&quot;,&quot;size&quot;:&quot;&quot;,&quot;sizes&quot;:[]}}\" data-widget_type=\"text-editor.default\">\n\t\t\t\t<div class=\"elementor-widget-container\">\n\t\t\t\t\t\t\t\t\t<p>Europa por Jes\u00fas<\/p>\t\t\t\t\t\t\t\t<\/div>\n\t\t\t\t<\/div>\n\t\t\t\t<\/div>\n\t\t<div class=\"elementor-element elementor-element-6cb2a1ce e-flex e-con-boxed e-con e-parent\" data-id=\"6cb2a1ce\" data-element_type=\"container\" data-settings=\"{&quot;background_background&quot;:&quot;classic&quot;}\">\n\t\t\t\t\t<div class=\"e-con-inner\">\n\t\t<div class=\"elementor-element elementor-element-557ad32f e-flex e-con-boxed e-con e-child\" data-id=\"557ad32f\" data-element_type=\"container\">\n\t\t\t\t\t<div class=\"e-con-inner\">\n\t\t\t\t<div class=\"elementor-element elementor-element-29826e69 elementor-nav-menu--dropdown-none elementor-hidden-desktop elementor-hidden-tablet elementor-hidden-mobile elementor-widget elementor-widget-nav-menu\" data-id=\"29826e69\" data-element_type=\"widget\" data-settings=\"{&quot;layout&quot;:&quot;horizontal&quot;,&quot;submenu_icon&quot;:{&quot;value&quot;:&quot;&lt;svg class=\\&quot;e-font-icon-svg e-fas-caret-down\\&quot; viewBox=\\&quot;0 0 320 512\\&quot; xmlns=\\&quot;http:\\\/\\\/www.w3.org\\\/2000\\\/svg\\&quot;&gt;&lt;path d=\\&quot;M31.3 192h257.3c17.8 0 26.7 21.5 14.1 34.1L174.1 354.8c-7.8 7.8-20.5 7.8-28.3 0L17.2 226.1C4.6 213.5 13.5 192 31.3 192z\\&quot;&gt;&lt;\\\/path&gt;&lt;\\\/svg&gt;&quot;,&quot;library&quot;:&quot;fa-solid&quot;}}\" data-widget_type=\"nav-menu.default\">\n\t\t\t\t<div class=\"elementor-widget-container\">\n\t\t\t\t\t\t\t\t<nav aria-label=\"Men\u00fa\" class=\"elementor-nav-menu--main elementor-nav-menu__container elementor-nav-menu--layout-horizontal e--pointer-underline e--animation-fade\">\n\t\t\t\t<ul id=\"menu-1-29826e69\" class=\"elementor-nav-menu\"><li class=\"trp-language-switcher-container menu-item menu-item-type-post_type menu-item-object-language_switcher current-language-menu-item menu-item-5250\"><a href=\"https:\/\/themillionmonth.com\/es\/wp-json\/wp\/v2\/pages\/7929\" class=\"elementor-item elementor-item-anchor\"><span data-no-translation><img decoding=\"async\" class=\"trp-flag-image\" src=\"https:\/\/themillionmonth.com\/wp-content\/plugins\/translatepress-multilingual\/assets\/images\/flags\/en_US.png\" width=\"18\" height=\"12\" alt=\"en_US\" title=\"English\"><span class=\"trp-ls-language-name\">English<\/span><\/span><\/a><\/li>\n<\/ul>\t\t\t<\/nav>\n\t\t\t\t\t\t<nav class=\"elementor-nav-menu--dropdown elementor-nav-menu__container\" aria-hidden=\"true\">\n\t\t\t\t<ul id=\"menu-2-29826e69\" class=\"elementor-nav-menu\"><li class=\"trp-language-switcher-container menu-item menu-item-type-post_type menu-item-object-language_switcher current-language-menu-item menu-item-5250\"><a href=\"https:\/\/themillionmonth.com\/es\/wp-json\/wp\/v2\/pages\/7929\" class=\"elementor-item elementor-item-anchor\" tabindex=\"-1\"><span data-no-translation><img decoding=\"async\" class=\"trp-flag-image\" src=\"https:\/\/themillionmonth.com\/wp-content\/plugins\/translatepress-multilingual\/assets\/images\/flags\/en_US.png\" width=\"18\" height=\"12\" alt=\"en_US\" title=\"English\"><span class=\"trp-ls-language-name\">English<\/span><\/span><\/a><\/li>\n<\/ul>\t\t\t<\/nav>\n\t\t\t\t\t\t<\/div>\n\t\t\t\t<\/div>\n\t\t\t\t<div class=\"elementor-element elementor-element-6d1f8be9 elementor-widget elementor-widget-spacer\" data-id=\"6d1f8be9\" data-element_type=\"widget\" data-widget_type=\"spacer.default\">\n\t\t\t\t<div class=\"elementor-widget-container\">\n\t\t\t\t\t\t\t<div class=\"elementor-spacer\">\n\t\t\t<div class=\"elementor-spacer-inner\"><\/div>\n\t\t<\/div>\n\t\t\t\t\t\t<\/div>\n\t\t\t\t<\/div>\n\t\t\t\t<div class=\"elementor-element elementor-element-4bc65655 elementor-widget elementor-widget-text-editor\" data-id=\"4bc65655\" data-element_type=\"widget\" data-widget_type=\"text-editor.default\">\n\t\t\t\t<div class=\"elementor-widget-container\">\n\t\t\t\t\t\t\t\t\t<p data-pm-slice=\"1 1 []\">15 de abril - 12 de agosto<\/p>\t\t\t\t\t\t\t\t<\/div>\n\t\t\t\t<\/div>\n\t\t\t\t\t<\/div>\n\t\t\t\t<\/div>\n\t\t<div class=\"elementor-element elementor-element-1784579e e-flex e-con-boxed e-con e-child\" data-id=\"1784579e\" data-element_type=\"container\" data-settings=\"{&quot;background_background&quot;:&quot;classic&quot;}\">\n\t\t\t\t\t<div class=\"e-con-inner\">\n\t\t<div class=\"elementor-element elementor-element-2885b50c e-con-full e-flex e-con e-child\" data-id=\"2885b50c\" data-element_type=\"container\" data-settings=\"{&quot;background_background&quot;:&quot;classic&quot;}\">\n\t\t\t\t<div class=\"elementor-element elementor-element-21b9f621 elementor-widget__width-initial elementor-widget elementor-widget-text-editor\" data-id=\"21b9f621\" data-element_type=\"widget\" data-widget_type=\"text-editor.default\">\n\t\t\t\t<div class=\"elementor-widget-container\">\n\t\t\t\t\t\t\t\t\t<p data-pm-slice=\"1 1 []\">Durante el \u00abMillion Month\u00bb, estamos preparando a los creyentes de toda Europa para que se sumen a la Gran Comisi\u00f3n, predicando y \u00abhaciendo disc\u00edpulos\u00bb. Nuestras formaciones sobre discipulado se impartir\u00e1n en directo a trav\u00e9s de Zoom, donde recibir\u00e1s herramientas sencillas y pr\u00e1cticas para ayudar a los nuevos creyentes a crecer en su fe y a comenzar a caminar con Jes\u00fas. No necesitas ninguna cualificaci\u00f3n especial, solo un coraz\u00f3n dispuesto. \u00a1\u00danete a nosotros!<\/p><p data-pm-slice=\"1 1 []\"><strong>Formaci\u00f3n:<\/strong><\/p><p data-pm-slice=\"1 1 []\">15, 22 y 29 de abril a las 18:30 CEST<\/p><p><strong>Entrenamientos:<\/strong><\/p><p>15, 22 y 29 de julio<br \/>5 y 12 de agosto a las 18:30 CEST<\/p><p><a href=\"https:\/\/us02web.zoom.us\/j\/88009583586?pwd=QDBaZWNJ41E3grZrCALyUPtngshtv6.1\" target=\"_blank\" rel=\"noopener\">Haz clic aqu\u00ed para acceder directamente a la formaci\u00f3n por Zoom<\/a><br \/>(Simultaneous translation will be available in German, French, Spanish, Russian, Estonian, Romanian and Portuguese)<\/p>\t\t\t\t\t\t\t\t<\/div>\n\t\t\t\t<\/div>\n\t\t\t\t<div class=\"elementor-element elementor-element-712a8d3 elementor-widget elementor-widget-text-editor\" data-id=\"712a8d3\" data-element_type=\"widget\" data-widget_type=\"text-editor.default\">\n\t\t\t\t<div class=\"elementor-widget-container\">\n\t\t\t\t\t\t\t\t\t<p data-pm-slice=\"1 1 []\">La Gran Misi\u00f3n es una vocaci\u00f3n para todos nosotros. Jes\u00fas nos mand\u00f3 no solo predicar el Evangelio, sino tambi\u00e9n <strong>haz disc\u00edpulos<\/strong>.<\/p><p>Durante el \u00abMillion Month\u00bb, estamos preparando a creyentes de toda Europa para que respondan a este llamado. Nuestros cursos de formaci\u00f3n en discipulado te proporcionar\u00e1n herramientas sencillas y pr\u00e1cticas para ayudar a los nuevos creyentes a crecer en su fe y a comenzar a caminar con Jes\u00fas. No necesitas ninguna cualificaci\u00f3n especial, solo un coraz\u00f3n dispuesto. A Dios le encanta utilizar a personas comunes y corrientes para hacer cosas extraordinarias.<\/p><p>Mientras miles de personas se encuentran con Cristo durante el \u00abMese del Mill\u00f3n\u00bb, levant\u00e9monos para acompa\u00f1arlas, alimentar su fe y ver c\u00f3mo sus vidas se transforman de verdad. As\u00ed es como se propaga el avivamiento: un disc\u00edpulo que forma a otro.<br \/><br \/><\/p><p><span style=\"font-size: 1em;\"><br \/><b><a href=\"https:\/\/drive.google.com\/drive\/folders\/1HOfgdrRQMaaCKIQaz3NYrj-Lo0n01T_m\" target=\"_blank\" rel=\"noopener\">Recordings from past sessions<\/a><br \/><br \/><\/b><\/span><\/p>\t\t\t\t\t\t\t\t<\/div>\n\t\t\t\t<\/div>\n\t\t\t\t<\/div>\n\t\t\t\t\t<\/div>\n\t\t\t\t<\/div>\n\t\t\t\t\t<\/div>\n\t\t\t\t<\/div>\n\t\t\t\t<\/div>","protected":false},"excerpt":{"rendered":"<p>Join us for Europe for Jesus 15th of April &#8211; 12th of August During the Million Month, we are equipping believers across Europe to step into the Great Commission, by preaching and \u201cmaking disciples\u201d. Our discipleship trainings will be held live on Zoom, where you will receive simple, practical tools to help new believers grow [&hellip;]<\/p>","protected":false},"author":3,"featured_media":0,"parent":6798,"menu_order":0,"comment_status":"closed","ping_status":"closed","template":"","meta":{"footnotes":""},"folder":[65],"class_list":["post-7929","page","type-page","status-publish","hentry"],"yoast_head":"<!-- This site is optimized with the Yoast SEO plugin v25.8 - https:\/\/yoast.com\/wordpress\/plugins\/seo\/ -->\n<title>Discipleship Trainings | Awakening Europe<\/title>\n<meta name=\"robots\" content=\"index, follow, max-snippet:-1, max-image-preview:large, max-video-preview:-1\" \/>\n<link rel=\"canonical\" href=\"https:\/\/themillionmonth.com\/es\/the-million-month-2026\/discipleship-trainings\/\" \/>\n<meta property=\"og:locale\" content=\"es_ES\" \/>\n<meta property=\"og:type\" content=\"article\" \/>\n<meta property=\"og:title\" content=\"Discipleship Trainings | Awakening Europe\" \/>\n<meta property=\"og:description\" content=\"Join us for Europe for Jesus 15th of April &#8211; 12th of August During the Million Month, we are equipping believers across Europe to step into the Great Commission, by preaching and \u201cmaking disciples\u201d. Our discipleship trainings will be held live on Zoom, where you will receive simple, practical tools to help new believers grow [&hellip;]\" \/>\n<meta property=\"og:url\" content=\"https:\/\/themillionmonth.com\/es\/the-million-month-2026\/discipleship-trainings\/\" \/>\n<meta property=\"og:site_name\" content=\"Awakening Europe\" \/>\n<meta property=\"article:publisher\" content=\"https:\/\/facebook.com\/awakeningeurope\" \/>\n<meta property=\"article:modified_time\" content=\"2026-04-21T13:42:46+00:00\" \/>\n<meta name=\"twitter:card\" content=\"summary_large_image\" \/>\n<meta name=\"twitter:label1\" content=\"Tiempo de lectura\" \/>\n\t<meta name=\"twitter:data1\" content=\"1 minuto\" \/>\n<script type=\"application\/ld+json\" class=\"yoast-schema-graph\">{\"@context\":\"https:\/\/schema.org\",\"@graph\":[{\"@type\":\"WebPage\",\"@id\":\"https:\/\/themillionmonth.com\/the-million-month-2026\/discipleship-trainings\/\",\"url\":\"https:\/\/themillionmonth.com\/the-million-month-2026\/discipleship-trainings\/\",\"name\":\"Discipleship Trainings | Awakening Europe\",\"isPartOf\":{\"@id\":\"https:\/\/themillionmonth.com\/nl\/#website\"},\"datePublished\":\"2026-03-11T15:03:42+00:00\",\"dateModified\":\"2026-04-21T13:42:46+00:00\",\"breadcrumb\":{\"@id\":\"https:\/\/themillionmonth.com\/the-million-month-2026\/discipleship-trainings\/#breadcrumb\"},\"inLanguage\":\"es\",\"potentialAction\":[{\"@type\":\"ReadAction\",\"target\":[\"https:\/\/themillionmonth.com\/the-million-month-2026\/discipleship-trainings\/\"]}]},{\"@type\":\"BreadcrumbList\",\"@id\":\"https:\/\/themillionmonth.com\/the-million-month-2026\/discipleship-trainings\/#breadcrumb\",\"itemListElement\":[{\"@type\":\"ListItem\",\"position\":1,\"name\":\"Home\",\"item\":\"https:\/\/themillionmonth.com\/\"},{\"@type\":\"ListItem\",\"position\":2,\"name\":\"The Million Month 2026\",\"item\":\"https:\/\/themillionmonth.com\/\"},{\"@type\":\"ListItem\",\"position\":3,\"name\":\"Discipleship Trainings\"}]},{\"@type\":\"WebSite\",\"@id\":\"https:\/\/themillionmonth.com\/nl\/#website\",\"url\":\"https:\/\/themillionmonth.com\/nl\/\",\"name\":\"Awakening Europe\",\"description\":\"\",\"publisher\":{\"@id\":\"https:\/\/themillionmonth.com\/nl\/#organization\"},\"potentialAction\":[{\"@type\":\"SearchAction\",\"target\":{\"@type\":\"EntryPoint\",\"urlTemplate\":\"https:\/\/themillionmonth.com\/nl\/?s={search_term_string}\"},\"query-input\":{\"@type\":\"PropertyValueSpecification\",\"valueRequired\":true,\"valueName\":\"search_term_string\"}}],\"inLanguage\":\"es\"},{\"@type\":\"Organization\",\"@id\":\"https:\/\/themillionmonth.com\/nl\/#organization\",\"name\":\"Awakening Europe\",\"url\":\"https:\/\/themillionmonth.com\/nl\/\",\"logo\":{\"@type\":\"ImageObject\",\"inLanguage\":\"es\",\"@id\":\"https:\/\/themillionmonth.com\/nl\/#\/schema\/logo\/image\/\",\"url\":\"https:\/\/themillionmonth.com\/wp-content\/uploads\/2023\/12\/favicon.png\",\"contentUrl\":\"https:\/\/themillionmonth.com\/wp-content\/uploads\/2023\/12\/favicon.png\",\"width\":576,\"height\":576,\"caption\":\"Awakening Europe\"},\"image\":{\"@id\":\"https:\/\/themillionmonth.com\/nl\/#\/schema\/logo\/image\/\"},\"sameAs\":[\"https:\/\/facebook.com\/awakeningeurope\",\"https:\/\/instagram.com\/awakeningeurope\"]}]}<\/script>\n<!-- \/ Yoast SEO plugin. -->","yoast_head_json":{"title":"Discipleship Trainings | Awakening Europe","robots":{"index":"index","follow":"follow","max-snippet":"max-snippet:-1","max-image-preview":"max-image-preview:large","max-video-preview":"max-video-preview:-1"},"canonical":"https:\/\/themillionmonth.com\/es\/the-million-month-2026\/discipleship-trainings\/","og_locale":"es_ES","og_type":"article","og_title":"Discipleship Trainings | Awakening Europe","og_description":"Join us for Europe for Jesus 15th of April &#8211; 12th of August During the Million Month, we are equipping believers across Europe to step into the Great Commission, by preaching and \u201cmaking disciples\u201d. Our discipleship trainings will be held live on Zoom, where you will receive simple, practical tools to help new believers grow [&hellip;]","og_url":"https:\/\/themillionmonth.com\/es\/the-million-month-2026\/discipleship-trainings\/","og_site_name":"Awakening Europe","article_publisher":"https:\/\/facebook.com\/awakeningeurope","article_modified_time":"2026-04-21T13:42:46+00:00","twitter_card":"summary_large_image","twitter_misc":{"Tiempo de lectura":"1 minuto"},"schema":{"@context":"https:\/\/schema.org","@graph":[{"@type":"WebPage","@id":"https:\/\/themillionmonth.com\/the-million-month-2026\/discipleship-trainings\/","url":"https:\/\/themillionmonth.com\/the-million-month-2026\/discipleship-trainings\/","name":"Discipleship Trainings | Awakening Europe","isPartOf":{"@id":"https:\/\/themillionmonth.com\/nl\/#website"},"datePublished":"2026-03-11T15:03:42+00:00","dateModified":"2026-04-21T13:42:46+00:00","breadcrumb":{"@id":"https:\/\/themillionmonth.com\/the-million-month-2026\/discipleship-trainings\/#breadcrumb"},"inLanguage":"es","potentialAction":[{"@type":"ReadAction","target":["https:\/\/themillionmonth.com\/the-million-month-2026\/discipleship-trainings\/"]}]},{"@type":"BreadcrumbList","@id":"https:\/\/themillionmonth.com\/the-million-month-2026\/discipleship-trainings\/#breadcrumb","itemListElement":[{"@type":"ListItem","position":1,"name":"Home","item":"https:\/\/themillionmonth.com\/"},{"@type":"ListItem","position":2,"name":"The Million Month 2026","item":"https:\/\/themillionmonth.com\/"},{"@type":"ListItem","position":3,"name":"Discipleship Trainings"}]},{"@type":"WebSite","@id":"https:\/\/themillionmonth.com\/nl\/#website","url":"https:\/\/themillionmonth.com\/nl\/","name":"Awakening Europe","description":"","publisher":{"@id":"https:\/\/themillionmonth.com\/nl\/#organization"},"potentialAction":[{"@type":"SearchAction","target":{"@type":"EntryPoint","urlTemplate":"https:\/\/themillionmonth.com\/nl\/?s={search_term_string}"},"query-input":{"@type":"PropertyValueSpecification","valueRequired":true,"valueName":"search_term_string"}}],"inLanguage":"es"},{"@type":"Organization","@id":"https:\/\/themillionmonth.com\/nl\/#organization","name":"Awakening Europe","url":"https:\/\/themillionmonth.com\/nl\/","logo":{"@type":"ImageObject","inLanguage":"es","@id":"https:\/\/themillionmonth.com\/nl\/#\/schema\/logo\/image\/","url":"https:\/\/themillionmonth.com\/wp-content\/uploads\/2023\/12\/favicon.png","contentUrl":"https:\/\/themillionmonth.com\/wp-content\/uploads\/2023\/12\/favicon.png","width":576,"height":576,"caption":"Awakening Europe"},"image":{"@id":"https:\/\/themillionmonth.com\/nl\/#\/schema\/logo\/image\/"},"sameAs":["https:\/\/facebook.com\/awakeningeurope","https:\/\/instagram.com\/awakeningeurope"]}]}},"_links":{"self":[{"href":"https:\/\/themillionmonth.com\/es\/wp-json\/wp\/v2\/pages\/7929","targetHints":{"allow":["GET"]}}],"collection":[{"href":"https:\/\/themillionmonth.com\/es\/wp-json\/wp\/v2\/pages"}],"about":[{"href":"https:\/\/themillionmonth.com\/es\/wp-json\/wp\/v2\/types\/page"}],"author":[{"embeddable":true,"href":"https:\/\/themillionmonth.com\/es\/wp-json\/wp\/v2\/users\/3"}],"replies":[{"embeddable":true,"href":"https:\/\/themillionmonth.com\/es\/wp-json\/wp\/v2\/comments?post=7929"}],"version-history":[{"count":28,"href":"https:\/\/themillionmonth.com\/es\/wp-json\/wp\/v2\/pages\/7929\/revisions"}],"predecessor-version":[{"id":8722,"href":"https:\/\/themillionmonth.com\/es\/wp-json\/wp\/v2\/pages\/7929\/revisions\/8722"}],"up":[{"embeddable":true,"href":"https:\/\/themillionmonth.com\/es\/wp-json\/wp\/v2\/pages\/6798"}],"wp:attachment":[{"href":"https:\/\/themillionmonth.com\/es\/wp-json\/wp\/v2\/media?parent=7929"}],"wp:term":[{"taxonomy":"folder","embeddable":true,"href":"https:\/\/themillionmonth.com\/es\/wp-json\/wp\/v2\/folder?post=7929"}],"curies":[{"name":"wp","href":"https:\/\/api.w.org\/{rel}","templated":true}]}}