{"id":8689,"date":"2026-04-21T15:04:57","date_gmt":"2026-04-21T13:04:57","guid":{"rendered":"https:\/\/themillionmonth.com\/?page_id=8689"},"modified":"2026-04-21T15:07:41","modified_gmt":"2026-04-21T13:07:41","slug":"lucerne","status":"publish","type":"page","link":"https:\/\/themillionmonth.com\/cs\/the-million-month-2026\/lucerne\/","title":{"rendered":"Lucerne"},"content":{"rendered":"<div data-elementor-type=\"wp-page\" data-elementor-id=\"8689\" class=\"elementor elementor-8689\" data-elementor-post-type=\"page\">\n\t\t\t\t<div class=\"elementor-element elementor-element-48ed4d8e e-con-full e-flex e-con e-parent\" data-id=\"48ed4d8e\" data-element_type=\"container\" data-settings=\"{&quot;background_background&quot;:&quot;classic&quot;}\">\n\t\t\t\t<div class=\"elementor-element elementor-element-bb31b4 elementor-widget__width-initial elementor-widget-tablet__width-inherit elementor-widget elementor-widget-heading\" data-id=\"bb31b4\" data-element_type=\"widget\" data-widget_type=\"heading.default\">\n\t\t\t\t<div class=\"elementor-widget-container\">\n\t\t\t\t\t<h2 class=\"elementor-heading-title elementor-size-default\">P\u0159ipojte se k n\u00e1m<\/h2>\t\t\t\t<\/div>\n\t\t\t\t<\/div>\n\t\t\t\t<div class=\"elementor-element elementor-element-5b53eee6 elementor-widget__width-inherit elementor-widget elementor-widget-heading\" data-id=\"5b53eee6\" data-element_type=\"widget\" data-widget_type=\"heading.default\">\n\t\t\t\t<div class=\"elementor-widget-container\">\n\t\t\t\t\t<h2 class=\"elementor-heading-title elementor-size-default\"> <\/h2>\t\t\t\t<\/div>\n\t\t\t\t<\/div>\n\t\t\t\t<div class=\"elementor-element elementor-element-49fd7d05 elementor-widget__width-initial e-transform elementor-widget elementor-widget-text-editor\" data-id=\"49fd7d05\" data-element_type=\"widget\" data-settings=\"{&quot;_transform_rotateZ_effect&quot;:{&quot;unit&quot;:&quot;px&quot;,&quot;size&quot;:-5,&quot;sizes&quot;:[]},&quot;_transform_rotateZ_effect_tablet&quot;:{&quot;unit&quot;:&quot;deg&quot;,&quot;size&quot;:&quot;&quot;,&quot;sizes&quot;:[]},&quot;_transform_rotateZ_effect_mobile&quot;:{&quot;unit&quot;:&quot;deg&quot;,&quot;size&quot;:&quot;&quot;,&quot;sizes&quot;:[]}}\" data-widget_type=\"text-editor.default\">\n\t\t\t\t<div class=\"elementor-widget-container\">\n\t\t\t\t\t\t\t\t\t \t\t\t\t\t\t\t\t<\/div>\n\t\t\t\t<\/div>\n\t\t\t\t<\/div>\n\t\t<div class=\"elementor-element elementor-element-154e66a4 e-flex e-con-boxed e-con e-parent\" data-id=\"154e66a4\" data-element_type=\"container\" data-settings=\"{&quot;background_background&quot;:&quot;classic&quot;}\">\n\t\t\t\t\t<div class=\"e-con-inner\">\n\t\t<div class=\"elementor-element elementor-element-1d695e6c e-flex e-con-boxed e-con e-child\" data-id=\"1d695e6c\" data-element_type=\"container\">\n\t\t\t\t\t<div class=\"e-con-inner\">\n\t\t\t\t<div class=\"elementor-element elementor-element-30d29847 elementor-widget elementor-widget-spacer\" data-id=\"30d29847\" data-element_type=\"widget\" data-widget_type=\"spacer.default\">\n\t\t\t\t<div class=\"elementor-widget-container\">\n\t\t\t\t\t\t\t<div class=\"elementor-spacer\">\n\t\t\t<div class=\"elementor-spacer-inner\"><\/div>\n\t\t<\/div>\n\t\t\t\t\t\t<\/div>\n\t\t\t\t<\/div>\n\t\t\t\t<div class=\"elementor-element elementor-element-5449207 elementor-widget elementor-widget-text-editor\" data-id=\"5449207\" data-element_type=\"widget\" data-widget_type=\"text-editor.default\">\n\t\t\t\t<div class=\"elementor-widget-container\">\n\t\t\t\t\t\t\t\t\t<p data-pm-slice=\"1 1 []\"><b>More Information coming soon &#8211; stay tuned<\/b><\/p>\t\t\t\t\t\t\t\t<\/div>\n\t\t\t\t<\/div>\n\t\t\t\t\t<\/div>\n\t\t\t\t<\/div>\n\t\t\t\t\t<\/div>\n\t\t\t\t<\/div>\n\t\t<div class=\"elementor-element elementor-element-6e665f68 e-con-full e-flex e-con e-parent\" data-id=\"6e665f68\" data-element_type=\"container\" data-settings=\"{&quot;background_background&quot;:&quot;classic&quot;}\">\n\t\t<div class=\"elementor-element elementor-element-15cb7d6c e-con-full e-flex e-con e-child\" data-id=\"15cb7d6c\" data-element_type=\"container\">\n\t\t\t\t<div class=\"elementor-element elementor-element-1786a91f elementor-widget-mobile__width-inherit elementor-widget elementor-widget-global elementor-global-1753 elementor-widget-shortcode\" data-id=\"1786a91f\" data-element_type=\"widget\" data-widget_type=\"shortcode.default\">\n\t\t\t\t<div class=\"elementor-widget-container\">\n\t\t\t\t\t\t\t<div class=\"elementor-shortcode\"><span id=\"contact\"><\/span><h3>Obra\u0165te se p\u0159\u00edmo na \u0159editele m\u011bsta: <\/h3>\n<br><br>\n<div class=\"wpcf7 no-js\" id=\"wpcf7-f7202-o1\" lang=\"en-US\" dir=\"ltr\" data-wpcf7-id=\"7202\">\n<div class=\"screen-reader-response\"><p role=\"status\" aria-live=\"polite\" aria-atomic=\"true\"><\/p> <ul><\/ul><\/div>\n<form action=\"\/cs\/wp-json\/wp\/v2\/pages\/8689#wpcf7-f7202-o1\" method=\"post\" class=\"wpcf7-form init\" aria-label=\"Contact form\" novalidate=\"novalidate\" data-status=\"init\" data-trp-original-action=\"\/cs\/wp-json\/wp\/v2\/pages\/8689#wpcf7-f7202-o1\">\n<div style=\"display: none;\">\n<input type=\"hidden\" name=\"_wpcf7\" value=\"7202\" \/>\n<input type=\"hidden\" name=\"_wpcf7_version\" value=\"6.0.6\" \/>\n<input type=\"hidden\" name=\"_wpcf7_locale\" value=\"en_US\" \/>\n<input type=\"hidden\" name=\"_wpcf7_unit_tag\" value=\"wpcf7-f7202-o1\" \/>\n<input type=\"hidden\" name=\"_wpcf7_container_post\" value=\"0\" \/>\n<input type=\"hidden\" name=\"_wpcf7_posted_data_hash\" value=\"\" \/>\n<input type=\"hidden\" name=\"_wpcf7_recaptcha_response\" value=\"\" \/>\n<\/div>\n<p><label> Va\u0161e jm\u00e9no<br \/>\n<span class=\"wpcf7-form-control-wrap\" data-name=\"your-name\"><input size=\"40\" maxlength=\"400\" class=\"wpcf7-form-control wpcf7-text wpcf7-validates-as-required\" autocomplete=\"name\" aria-required=\"true\" aria-invalid=\"false\" value=\"\" type=\"text\" name=\"your-name\" \/><\/span> <\/label>\n<\/p>\n<p><label> V\u00e1\u0161 e-mail<br \/>\n<span class=\"wpcf7-form-control-wrap\" data-name=\"your-email\"><input size=\"40\" maxlength=\"400\" class=\"wpcf7-form-control wpcf7-email wpcf7-validates-as-required wpcf7-text wpcf7-validates-as-email\" autocomplete=\"email\" aria-required=\"true\" aria-invalid=\"false\" value=\"\" type=\"email\" name=\"your-email\" \/><\/span> <\/label>\n<\/p>\n<p><label> Va\u0161e zpr\u00e1va<br \/>\n<span class=\"wpcf7-form-control-wrap\" data-name=\"your-message\"><textarea cols=\"40\" rows=\"10\" maxlength=\"2000\" class=\"wpcf7-form-control wpcf7-textarea wpcf7-validates-as-required h5rem\" aria-required=\"true\" aria-invalid=\"false\" name=\"your-message\"><\/textarea><\/span> <\/label>\n<\/p>\n<p><span class=\"wpcf7-form-control-wrap\" data-name=\"privacy-consent\"><span class=\"wpcf7-form-control wpcf7-checkbox wpcf7-validates-as-required\"><span class=\"wpcf7-list-item first last\"><label><input type=\"checkbox\" name=\"privacy-consent[]\" value=\"I have read and agree to the Data Privacy Statement\" \/><span class=\"wpcf7-list-item-label\">P\u0159e\u010detl\/a jsem si Prohl\u00e1\u0161en\u00ed o ochran\u011b osobn\u00edch \u00fadaj\u016f a souhlas\u00edm s n\u00edm.<\/span><\/label><\/span><\/span><\/span><br \/>\n<a target=\"_blank\" href=\"https:\/\/awakeningeurope.com\/privacy\">Prohl\u00e1\u0161en\u00ed o ochran\u011b osobn\u00edch \u00fadaj\u016f<\/a>\n<\/p>\n<p><input class=\"wpcf7-form-control wpcf7-submit has-spinner\" type=\"submit\" value=\"Odeslat\" \/>\n<\/p><div class=\"wpcf7-response-output\" aria-hidden=\"true\"><\/div>\n<input type=\"hidden\" name=\"trp-form-language\" value=\"cs\"\/><\/form>\n<\/div>\n<\/div>\n\t\t\t\t\t\t<\/div>\n\t\t\t\t<\/div>\n\t\t\t\t<\/div>\n\t\t\t\t<\/div>\n\t\t\t\t<\/div>","protected":false},"excerpt":{"rendered":"<p>Join us in More Information coming soon &#8211; stay tuned Contact the city director directly:<\/p>","protected":false},"author":3,"featured_media":0,"parent":6798,"menu_order":0,"comment_status":"closed","ping_status":"closed","template":"","meta":{"footnotes":""},"folder":[65],"class_list":["post-8689","page","type-page","status-publish","hentry"],"yoast_head":"<!-- This site is optimized with the Yoast SEO plugin v25.8 - https:\/\/yoast.com\/wordpress\/plugins\/seo\/ -->\n<title>Lucerne | Awakening Europe<\/title>\n<meta name=\"robots\" content=\"index, follow, max-snippet:-1, max-image-preview:large, max-video-preview:-1\" \/>\n<link rel=\"canonical\" href=\"https:\/\/themillionmonth.com\/cs\/the-million-month-2026\/lucerne\/\" \/>\n<meta property=\"og:locale\" content=\"cs_CZ\" \/>\n<meta property=\"og:type\" content=\"article\" \/>\n<meta property=\"og:title\" content=\"Lucerne | Awakening Europe\" \/>\n<meta property=\"og:description\" content=\"Join us in More Information coming soon &#8211; stay tuned Contact the city director directly:\" \/>\n<meta property=\"og:url\" content=\"https:\/\/themillionmonth.com\/cs\/the-million-month-2026\/lucerne\/\" \/>\n<meta property=\"og:site_name\" content=\"Awakening Europe\" \/>\n<meta property=\"article:publisher\" content=\"https:\/\/facebook.com\/awakeningeurope\" \/>\n<meta property=\"article:modified_time\" content=\"2026-04-21T13:07:41+00:00\" \/>\n<meta name=\"twitter:card\" content=\"summary_large_image\" \/>\n<script type=\"application\/ld+json\" class=\"yoast-schema-graph\">{\"@context\":\"https:\/\/schema.org\",\"@graph\":[{\"@type\":\"WebPage\",\"@id\":\"https:\/\/themillionmonth.com\/the-million-month-2026\/lucerne\/\",\"url\":\"https:\/\/themillionmonth.com\/the-million-month-2026\/lucerne\/\",\"name\":\"Lucerne | Awakening Europe\",\"isPartOf\":{\"@id\":\"https:\/\/themillionmonth.com\/nl\/#website\"},\"datePublished\":\"2026-04-21T13:04:57+00:00\",\"dateModified\":\"2026-04-21T13:07:41+00:00\",\"breadcrumb\":{\"@id\":\"https:\/\/themillionmonth.com\/the-million-month-2026\/lucerne\/#breadcrumb\"},\"inLanguage\":\"cs\",\"potentialAction\":[{\"@type\":\"ReadAction\",\"target\":[\"https:\/\/themillionmonth.com\/the-million-month-2026\/lucerne\/\"]}]},{\"@type\":\"BreadcrumbList\",\"@id\":\"https:\/\/themillionmonth.com\/the-million-month-2026\/lucerne\/#breadcrumb\",\"itemListElement\":[{\"@type\":\"ListItem\",\"position\":1,\"name\":\"Home\",\"item\":\"https:\/\/themillionmonth.com\/\"},{\"@type\":\"ListItem\",\"position\":2,\"name\":\"The Million Month 2026\",\"item\":\"https:\/\/themillionmonth.com\/\"},{\"@type\":\"ListItem\",\"position\":3,\"name\":\"Lucerne\"}]},{\"@type\":\"WebSite\",\"@id\":\"https:\/\/themillionmonth.com\/nl\/#website\",\"url\":\"https:\/\/themillionmonth.com\/nl\/\",\"name\":\"Awakening Europe\",\"description\":\"\",\"publisher\":{\"@id\":\"https:\/\/themillionmonth.com\/nl\/#organization\"},\"potentialAction\":[{\"@type\":\"SearchAction\",\"target\":{\"@type\":\"EntryPoint\",\"urlTemplate\":\"https:\/\/themillionmonth.com\/nl\/?s={search_term_string}\"},\"query-input\":{\"@type\":\"PropertyValueSpecification\",\"valueRequired\":true,\"valueName\":\"search_term_string\"}}],\"inLanguage\":\"cs\"},{\"@type\":\"Organization\",\"@id\":\"https:\/\/themillionmonth.com\/nl\/#organization\",\"name\":\"Awakening Europe\",\"url\":\"https:\/\/themillionmonth.com\/nl\/\",\"logo\":{\"@type\":\"ImageObject\",\"inLanguage\":\"cs\",\"@id\":\"https:\/\/themillionmonth.com\/nl\/#\/schema\/logo\/image\/\",\"url\":\"https:\/\/themillionmonth.com\/wp-content\/uploads\/2023\/12\/favicon.png\",\"contentUrl\":\"https:\/\/themillionmonth.com\/wp-content\/uploads\/2023\/12\/favicon.png\",\"width\":576,\"height\":576,\"caption\":\"Awakening Europe\"},\"image\":{\"@id\":\"https:\/\/themillionmonth.com\/nl\/#\/schema\/logo\/image\/\"},\"sameAs\":[\"https:\/\/facebook.com\/awakeningeurope\",\"https:\/\/instagram.com\/awakeningeurope\"]}]}<\/script>\n<!-- \/ Yoast SEO plugin. -->","yoast_head_json":{"title":"Lucerne | Awakening Europe","robots":{"index":"index","follow":"follow","max-snippet":"max-snippet:-1","max-image-preview":"max-image-preview:large","max-video-preview":"max-video-preview:-1"},"canonical":"https:\/\/themillionmonth.com\/cs\/the-million-month-2026\/lucerne\/","og_locale":"cs_CZ","og_type":"article","og_title":"Lucerne | Awakening Europe","og_description":"Join us in More Information coming soon &#8211; stay tuned Contact the city director directly:","og_url":"https:\/\/themillionmonth.com\/cs\/the-million-month-2026\/lucerne\/","og_site_name":"Awakening Europe","article_publisher":"https:\/\/facebook.com\/awakeningeurope","article_modified_time":"2026-04-21T13:07:41+00:00","twitter_card":"summary_large_image","schema":{"@context":"https:\/\/schema.org","@graph":[{"@type":"WebPage","@id":"https:\/\/themillionmonth.com\/the-million-month-2026\/lucerne\/","url":"https:\/\/themillionmonth.com\/the-million-month-2026\/lucerne\/","name":"Lucerne | Awakening Europe","isPartOf":{"@id":"https:\/\/themillionmonth.com\/nl\/#website"},"datePublished":"2026-04-21T13:04:57+00:00","dateModified":"2026-04-21T13:07:41+00:00","breadcrumb":{"@id":"https:\/\/themillionmonth.com\/the-million-month-2026\/lucerne\/#breadcrumb"},"inLanguage":"cs","potentialAction":[{"@type":"ReadAction","target":["https:\/\/themillionmonth.com\/the-million-month-2026\/lucerne\/"]}]},{"@type":"BreadcrumbList","@id":"https:\/\/themillionmonth.com\/the-million-month-2026\/lucerne\/#breadcrumb","itemListElement":[{"@type":"ListItem","position":1,"name":"Home","item":"https:\/\/themillionmonth.com\/"},{"@type":"ListItem","position":2,"name":"The Million Month 2026","item":"https:\/\/themillionmonth.com\/"},{"@type":"ListItem","position":3,"name":"Lucerne"}]},{"@type":"WebSite","@id":"https:\/\/themillionmonth.com\/nl\/#website","url":"https:\/\/themillionmonth.com\/nl\/","name":"Awakening Europe","description":"","publisher":{"@id":"https:\/\/themillionmonth.com\/nl\/#organization"},"potentialAction":[{"@type":"SearchAction","target":{"@type":"EntryPoint","urlTemplate":"https:\/\/themillionmonth.com\/nl\/?s={search_term_string}"},"query-input":{"@type":"PropertyValueSpecification","valueRequired":true,"valueName":"search_term_string"}}],"inLanguage":"cs"},{"@type":"Organization","@id":"https:\/\/themillionmonth.com\/nl\/#organization","name":"Awakening Europe","url":"https:\/\/themillionmonth.com\/nl\/","logo":{"@type":"ImageObject","inLanguage":"cs","@id":"https:\/\/themillionmonth.com\/nl\/#\/schema\/logo\/image\/","url":"https:\/\/themillionmonth.com\/wp-content\/uploads\/2023\/12\/favicon.png","contentUrl":"https:\/\/themillionmonth.com\/wp-content\/uploads\/2023\/12\/favicon.png","width":576,"height":576,"caption":"Awakening Europe"},"image":{"@id":"https:\/\/themillionmonth.com\/nl\/#\/schema\/logo\/image\/"},"sameAs":["https:\/\/facebook.com\/awakeningeurope","https:\/\/instagram.com\/awakeningeurope"]}]}},"_links":{"self":[{"href":"https:\/\/themillionmonth.com\/cs\/wp-json\/wp\/v2\/pages\/8689","targetHints":{"allow":["GET"]}}],"collection":[{"href":"https:\/\/themillionmonth.com\/cs\/wp-json\/wp\/v2\/pages"}],"about":[{"href":"https:\/\/themillionmonth.com\/cs\/wp-json\/wp\/v2\/types\/page"}],"author":[{"embeddable":true,"href":"https:\/\/themillionmonth.com\/cs\/wp-json\/wp\/v2\/users\/3"}],"replies":[{"embeddable":true,"href":"https:\/\/themillionmonth.com\/cs\/wp-json\/wp\/v2\/comments?post=8689"}],"version-history":[{"count":7,"href":"https:\/\/themillionmonth.com\/cs\/wp-json\/wp\/v2\/pages\/8689\/revisions"}],"predecessor-version":[{"id":8706,"href":"https:\/\/themillionmonth.com\/cs\/wp-json\/wp\/v2\/pages\/8689\/revisions\/8706"}],"up":[{"embeddable":true,"href":"https:\/\/themillionmonth.com\/cs\/wp-json\/wp\/v2\/pages\/6798"}],"wp:attachment":[{"href":"https:\/\/themillionmonth.com\/cs\/wp-json\/wp\/v2\/media?parent=8689"}],"wp:term":[{"taxonomy":"folder","embeddable":true,"href":"https:\/\/themillionmonth.com\/cs\/wp-json\/wp\/v2\/folder?post=8689"}],"curies":[{"name":"wp","href":"https:\/\/api.w.org\/{rel}","templated":true}]}}